{"id":217190,"date":"2025-08-05T09:52:02","date_gmt":"2025-08-05T16:52:02","guid":{"rendered":"https:\/\/www.mcafee.com\/blogs\/?page_id=217190"},"modified":"2026-03-20T04:57:56","modified_gmt":"2026-03-20T11:57:56","slug":"new-home-page-2","status":"publish","type":"page","link":"https:\/\/www.mcafee.com\/blogs\/de-de\/","title":{"rendered":"Blog"},"content":{"rendered":"","protected":false},"excerpt":{"rendered":"","protected":false},"author":1400,"featured_media":0,"parent":0,"menu_order":0,"comment_status":"closed","ping_status":"closed","template":"page-newhome-template.php","meta":{"_acf_changed":false,"footnotes":""},"coauthors":[16331],"class_list":["post-217190","page","type-page","status-publish","hentry"],"acf":[],"yoast_head":"<!-- This site is optimized with the Yoast SEO plugin v25.4 - https:\/\/yoast.com\/wordpress\/plugins\/seo\/ -->\n<title>Cybersicherheit-News &amp; Einsichten f\u00fcr mehr Sicherheit im Netz | McAfee<\/title>\n<meta name=\"description\" content=\"Willkommen beim McAfee-Blog, in dem wir Beitr\u00e4ge \u00fcber Sicherheitsl\u00f6sungen und Produkte teilen, damit Sie, Ihre Familie und Ihr Unternehmen im Internet sicher sind.\" \/>\n<meta name=\"robots\" content=\"index, follow, max-snippet:-1, max-image-preview:large, max-video-preview:-1\" \/>\n<meta property=\"og:locale\" content=\"de_DE\" \/>\n<meta property=\"og:type\" content=\"article\" \/>\n<meta property=\"og:title\" content=\"Cybersicherheit-News &amp; Einsichten f\u00fcr mehr Sicherheit im Netz | McAfee\" \/>\n<meta property=\"og:description\" content=\"Willkommen beim McAfee-Blog, in dem wir Beitr\u00e4ge \u00fcber Sicherheitsl\u00f6sungen und Produkte teilen, damit Sie, Ihre Familie und Ihr Unternehmen im Internet sicher sind.\" \/>\n<meta property=\"og:url\" content=\"https:\/\/www.mcafee.com\/blogs\/de-de\/\" \/>\n<meta property=\"og:site_name\" content=\"McAfee-Blog\" \/>\n<meta property=\"article:publisher\" content=\"https:\/\/www.facebook.com\/McAfee\/\" \/>\n<meta property=\"article:modified_time\" content=\"2026-03-20T11:57:56+00:00\" \/>\n<meta name=\"twitter:card\" content=\"summary_large_image\" \/>\n<meta name=\"twitter:site\" content=\"@McAfee\" \/>\n<script type=\"application\/ld+json\" class=\"yoast-schema-graph\">{\"@context\":\"https:\/\/schema.org\",\"@graph\":[{\"@type\":\"WebPage\",\"@id\":\"https:\/\/www.mcafee.com\/blogs\/de-de\/\",\"url\":\"https:\/\/www.mcafee.com\/blogs\/de-de\/\",\"name\":\"Cybersicherheit-News & Einsichten f\u00fcr mehr Sicherheit im Netz | McAfee\",\"isPartOf\":{\"@id\":\"https:\/\/www.mcafee.com\/blogs\/de-de\/#website\"},\"datePublished\":\"2025-08-05T16:52:02+00:00\",\"dateModified\":\"2026-03-20T11:57:56+00:00\",\"description\":\"Willkommen beim McAfee-Blog, in dem wir Beitr\u00e4ge \u00fcber Sicherheitsl\u00f6sungen und Produkte teilen, damit Sie, Ihre Familie und Ihr Unternehmen im Internet sicher sind.\",\"breadcrumb\":{\"@id\":\"https:\/\/www.mcafee.com\/blogs\/de-de\/#breadcrumb\"},\"inLanguage\":\"de-DE\",\"potentialAction\":[{\"@type\":\"ReadAction\",\"target\":[\"https:\/\/www.mcafee.com\/blogs\/de-de\/\"]}]},{\"@type\":\"BreadcrumbList\",\"@id\":\"https:\/\/www.mcafee.com\/blogs\/de-de\/#breadcrumb\",\"itemListElement\":[{\"@type\":\"ListItem\",\"position\":1,\"name\":\"Blog\",\"item\":\"https:\/\/www.mcafee.com\/blogs\/de-de\/\"},{\"@type\":\"ListItem\",\"position\":2,\"name\":\"Blog\"}]},{\"@type\":\"WebSite\",\"@id\":\"https:\/\/www.mcafee.com\/blogs\/de-de\/#website\",\"url\":\"https:\/\/www.mcafee.com\/blogs\/de-de\/\",\"name\":\"McAfee-Blog\",\"description\":\"News zum Thema Internetsicherheit\",\"publisher\":{\"@id\":\"https:\/\/www.mcafee.com\/blogs\/de-de\/#organization\"},\"potentialAction\":[{\"@type\":\"SearchAction\",\"target\":{\"@type\":\"EntryPoint\",\"urlTemplate\":\"https:\/\/www.mcafee.com\/blogs\/de-de\/?s={search_term_string}\"},\"query-input\":{\"@type\":\"PropertyValueSpecification\",\"valueRequired\":true,\"valueName\":\"search_term_string\"}}],\"inLanguage\":\"de-DE\"},{\"@type\":\"Organization\",\"@id\":\"https:\/\/www.mcafee.com\/blogs\/de-de\/#organization\",\"name\":\"McAfee\",\"url\":\"https:\/\/www.mcafee.com\/blogs\/de-de\/\",\"logo\":{\"@type\":\"ImageObject\",\"inLanguage\":\"de-DE\",\"@id\":\"https:\/\/www.mcafee.com\/blogs\/de-de\/#\/schema\/logo\/image\/\",\"url\":\"https:\/\/www.mcafee.com\/blogs\/wp-content\/uploads\/2023\/02\/mcafee-logo.png\",\"contentUrl\":\"https:\/\/www.mcafee.com\/blogs\/wp-content\/uploads\/2023\/02\/mcafee-logo.png\",\"width\":1286,\"height\":336,\"caption\":\"McAfee\"},\"image\":{\"@id\":\"https:\/\/www.mcafee.com\/blogs\/de-de\/#\/schema\/logo\/image\/\"},\"sameAs\":[\"https:\/\/www.facebook.com\/McAfee\/\",\"https:\/\/x.com\/McAfee\",\"https:\/\/www.linkedin.com\/company\/mcafee\/\",\"https:\/\/www.youtube.com\/McAfee\"]}]}<\/script>\n<!-- \/ Yoast SEO plugin. -->","yoast_head_json":{"title":"Cybersicherheit-News & Einsichten f\u00fcr mehr Sicherheit im Netz | McAfee","description":"Willkommen beim McAfee-Blog, in dem wir Beitr\u00e4ge \u00fcber Sicherheitsl\u00f6sungen und Produkte teilen, damit Sie, Ihre Familie und Ihr Unternehmen im Internet sicher sind.","robots":{"index":"index","follow":"follow","max-snippet":"max-snippet:-1","max-image-preview":"max-image-preview:large","max-video-preview":"max-video-preview:-1"},"og_locale":"de_DE","og_type":"article","og_title":"Cybersicherheit-News & Einsichten f\u00fcr mehr Sicherheit im Netz | McAfee","og_description":"Willkommen beim McAfee-Blog, in dem wir Beitr\u00e4ge \u00fcber Sicherheitsl\u00f6sungen und Produkte teilen, damit Sie, Ihre Familie und Ihr Unternehmen im Internet sicher sind.","og_url":"https:\/\/www.mcafee.com\/blogs\/de-de\/","og_site_name":"McAfee-Blog","article_publisher":"https:\/\/www.facebook.com\/McAfee\/","article_modified_time":"2026-03-20T11:57:56+00:00","twitter_card":"summary_large_image","twitter_site":"@McAfee","schema":{"@context":"https:\/\/schema.org","@graph":[{"@type":"WebPage","@id":"https:\/\/www.mcafee.com\/blogs\/de-de\/","url":"https:\/\/www.mcafee.com\/blogs\/de-de\/","name":"Cybersicherheit-News & Einsichten f\u00fcr mehr Sicherheit im Netz | McAfee","isPartOf":{"@id":"https:\/\/www.mcafee.com\/blogs\/de-de\/#website"},"datePublished":"2025-08-05T16:52:02+00:00","dateModified":"2026-03-20T11:57:56+00:00","description":"Willkommen beim McAfee-Blog, in dem wir Beitr\u00e4ge \u00fcber Sicherheitsl\u00f6sungen und Produkte teilen, damit Sie, Ihre Familie und Ihr Unternehmen im Internet sicher sind.","breadcrumb":{"@id":"https:\/\/www.mcafee.com\/blogs\/de-de\/#breadcrumb"},"inLanguage":"de-DE","potentialAction":[{"@type":"ReadAction","target":["https:\/\/www.mcafee.com\/blogs\/de-de\/"]}]},{"@type":"BreadcrumbList","@id":"https:\/\/www.mcafee.com\/blogs\/de-de\/#breadcrumb","itemListElement":[{"@type":"ListItem","position":1,"name":"Blog","item":"https:\/\/www.mcafee.com\/blogs\/de-de\/"},{"@type":"ListItem","position":2,"name":"Blog"}]},{"@type":"WebSite","@id":"https:\/\/www.mcafee.com\/blogs\/de-de\/#website","url":"https:\/\/www.mcafee.com\/blogs\/de-de\/","name":"McAfee-Blog","description":"News zum Thema Internetsicherheit","publisher":{"@id":"https:\/\/www.mcafee.com\/blogs\/de-de\/#organization"},"potentialAction":[{"@type":"SearchAction","target":{"@type":"EntryPoint","urlTemplate":"https:\/\/www.mcafee.com\/blogs\/de-de\/?s={search_term_string}"},"query-input":{"@type":"PropertyValueSpecification","valueRequired":true,"valueName":"search_term_string"}}],"inLanguage":"de-DE"},{"@type":"Organization","@id":"https:\/\/www.mcafee.com\/blogs\/de-de\/#organization","name":"McAfee","url":"https:\/\/www.mcafee.com\/blogs\/de-de\/","logo":{"@type":"ImageObject","inLanguage":"de-DE","@id":"https:\/\/www.mcafee.com\/blogs\/de-de\/#\/schema\/logo\/image\/","url":"https:\/\/www.mcafee.com\/blogs\/wp-content\/uploads\/2023\/02\/mcafee-logo.png","contentUrl":"https:\/\/www.mcafee.com\/blogs\/wp-content\/uploads\/2023\/02\/mcafee-logo.png","width":1286,"height":336,"caption":"McAfee"},"image":{"@id":"https:\/\/www.mcafee.com\/blogs\/de-de\/#\/schema\/logo\/image\/"},"sameAs":["https:\/\/www.facebook.com\/McAfee\/","https:\/\/x.com\/McAfee","https:\/\/www.linkedin.com\/company\/mcafee\/","https:\/\/www.youtube.com\/McAfee"]}]}},"_links":{"self":[{"href":"https:\/\/www.mcafee.com\/blogs\/de-de\/wp-json\/wp\/v2\/pages\/217190","targetHints":{"allow":["GET"]}}],"collection":[{"href":"https:\/\/www.mcafee.com\/blogs\/de-de\/wp-json\/wp\/v2\/pages"}],"about":[{"href":"https:\/\/www.mcafee.com\/blogs\/de-de\/wp-json\/wp\/v2\/types\/page"}],"author":[{"embeddable":true,"href":"https:\/\/www.mcafee.com\/blogs\/de-de\/wp-json\/wp\/v2\/users\/1400"}],"replies":[{"embeddable":true,"href":"https:\/\/www.mcafee.com\/blogs\/de-de\/wp-json\/wp\/v2\/comments?post=217190"}],"version-history":[{"count":19,"href":"https:\/\/www.mcafee.com\/blogs\/de-de\/wp-json\/wp\/v2\/pages\/217190\/revisions"}],"predecessor-version":[{"id":227824,"href":"https:\/\/www.mcafee.com\/blogs\/de-de\/wp-json\/wp\/v2\/pages\/217190\/revisions\/227824"}],"wp:attachment":[{"href":"https:\/\/www.mcafee.com\/blogs\/de-de\/wp-json\/wp\/v2\/media?parent=217190"}],"wp:term":[{"taxonomy":"author","embeddable":true,"href":"https:\/\/www.mcafee.com\/blogs\/de-de\/wp-json\/wp\/v2\/coauthors?post=217190"}],"curies":[{"name":"wp","href":"https:\/\/api.w.org\/{rel}","templated":true}]}}