{"id":217194,"date":"2025-08-05T09:51:33","date_gmt":"2025-08-05T16:51:33","guid":{"rendered":"https:\/\/www.mcafee.com\/blogs\/?page_id=217194"},"modified":"2026-04-09T05:31:57","modified_gmt":"2026-04-09T12:31:57","slug":"new-home-page-2","status":"publish","type":"page","link":"https:\/\/www.mcafee.com\/blogs\/fr-ca\/","title":{"rendered":"Blog"},"content":{"rendered":"","protected":false},"excerpt":{"rendered":"","protected":false},"author":1400,"featured_media":0,"parent":0,"menu_order":0,"comment_status":"closed","ping_status":"closed","template":"page-newhome-template.php","meta":{"_acf_changed":false,"footnotes":""},"coauthors":[16329],"class_list":["post-217194","page","type-page","status-publish","hentry"],"acf":[],"yoast_head":"<!-- This site is optimized with the Yoast SEO plugin v25.4 - https:\/\/yoast.com\/wordpress\/plugins\/seo\/ -->\n<title>Retrouvez nos actualit\u00e9s sur la cybers\u00e9curit\u00e9 | McAfee<\/title>\n<meta name=\"description\" content=\"D\u00e9couvrez sur notre blog McAfee toutes nos actualit\u00e9s sur la cybers\u00e9curit\u00e9, profitez de nos conseils pour une vie connect\u00e9e bien prot\u00e9g\u00e9e, et retrouvez tous nos produits.\" \/>\n<meta name=\"robots\" content=\"index, follow, max-snippet:-1, max-image-preview:large, max-video-preview:-1\" \/>\n<meta property=\"og:locale\" content=\"fr_CA\" \/>\n<meta property=\"og:type\" content=\"article\" \/>\n<meta property=\"og:title\" content=\"Retrouvez nos actualit\u00e9s sur la cybers\u00e9curit\u00e9 | McAfee\" \/>\n<meta property=\"og:description\" content=\"D\u00e9couvrez sur notre blog McAfee toutes nos actualit\u00e9s sur la cybers\u00e9curit\u00e9, profitez de nos conseils pour une vie connect\u00e9e bien prot\u00e9g\u00e9e, et retrouvez tous nos produits.\" \/>\n<meta property=\"og:url\" content=\"https:\/\/www.mcafee.com\/blogs\/fr-ca\/\" \/>\n<meta property=\"og:site_name\" content=\"Blog McAfee\" \/>\n<meta property=\"article:publisher\" content=\"https:\/\/www.facebook.com\/McAfee\/\" \/>\n<meta property=\"article:modified_time\" content=\"2026-04-09T12:31:57+00:00\" \/>\n<meta name=\"twitter:card\" content=\"summary_large_image\" \/>\n<meta name=\"twitter:site\" content=\"@McAfee\" \/>\n<script type=\"application\/ld+json\" class=\"yoast-schema-graph\">{\"@context\":\"https:\/\/schema.org\",\"@graph\":[{\"@type\":\"WebPage\",\"@id\":\"https:\/\/www.mcafee.com\/blogs\/fr-ca\/\",\"url\":\"https:\/\/www.mcafee.com\/blogs\/fr-ca\/\",\"name\":\"Retrouvez nos actualit\u00e9s sur la cybers\u00e9curit\u00e9 | McAfee\",\"isPartOf\":{\"@id\":\"https:\/\/www.mcafee.com\/blogs\/fr-ca\/#website\"},\"datePublished\":\"2025-08-05T16:51:33+00:00\",\"dateModified\":\"2026-04-09T12:31:57+00:00\",\"description\":\"D\u00e9couvrez sur notre blog McAfee toutes nos actualit\u00e9s sur la cybers\u00e9curit\u00e9, profitez de nos conseils pour une vie connect\u00e9e bien prot\u00e9g\u00e9e, et retrouvez tous nos produits.\",\"breadcrumb\":{\"@id\":\"https:\/\/www.mcafee.com\/blogs\/fr-ca\/#breadcrumb\"},\"inLanguage\":\"fr-CA\",\"potentialAction\":[{\"@type\":\"ReadAction\",\"target\":[\"https:\/\/www.mcafee.com\/blogs\/fr-ca\/\"]}]},{\"@type\":\"BreadcrumbList\",\"@id\":\"https:\/\/www.mcafee.com\/blogs\/fr-ca\/#breadcrumb\",\"itemListElement\":[{\"@type\":\"ListItem\",\"position\":1,\"name\":\"Blog\",\"item\":\"https:\/\/www.mcafee.com\/blogs\/fr-ca\/\"},{\"@type\":\"ListItem\",\"position\":2,\"name\":\"Blog\"}]},{\"@type\":\"WebSite\",\"@id\":\"https:\/\/www.mcafee.com\/blogs\/fr-ca\/#website\",\"url\":\"https:\/\/www.mcafee.com\/blogs\/fr-ca\/\",\"name\":\"Blog McAfee\",\"description\":\"Actualit\u00e9s concernant la s\u00e9curit\u00e9 Internet\",\"publisher\":{\"@id\":\"https:\/\/www.mcafee.com\/blogs\/fr-ca\/#organization\"},\"potentialAction\":[{\"@type\":\"SearchAction\",\"target\":{\"@type\":\"EntryPoint\",\"urlTemplate\":\"https:\/\/www.mcafee.com\/blogs\/fr-ca\/?s={search_term_string}\"},\"query-input\":{\"@type\":\"PropertyValueSpecification\",\"valueRequired\":true,\"valueName\":\"search_term_string\"}}],\"inLanguage\":\"fr-CA\"},{\"@type\":\"Organization\",\"@id\":\"https:\/\/www.mcafee.com\/blogs\/fr-ca\/#organization\",\"name\":\"McAfee\",\"url\":\"https:\/\/www.mcafee.com\/blogs\/fr-ca\/\",\"logo\":{\"@type\":\"ImageObject\",\"inLanguage\":\"fr-CA\",\"@id\":\"https:\/\/www.mcafee.com\/blogs\/fr-ca\/#\/schema\/logo\/image\/\",\"url\":\"https:\/\/www.mcafee.com\/blogs\/wp-content\/uploads\/2023\/02\/mcafee-logo.png\",\"contentUrl\":\"https:\/\/www.mcafee.com\/blogs\/wp-content\/uploads\/2023\/02\/mcafee-logo.png\",\"width\":1286,\"height\":336,\"caption\":\"McAfee\"},\"image\":{\"@id\":\"https:\/\/www.mcafee.com\/blogs\/fr-ca\/#\/schema\/logo\/image\/\"},\"sameAs\":[\"https:\/\/www.facebook.com\/McAfee\/\",\"https:\/\/x.com\/McAfee\",\"https:\/\/www.linkedin.com\/company\/mcafee\/\",\"https:\/\/www.youtube.com\/McAfee\"]}]}<\/script>\n<!-- \/ Yoast SEO plugin. -->","yoast_head_json":{"title":"Retrouvez nos actualit\u00e9s sur la cybers\u00e9curit\u00e9 | McAfee","description":"D\u00e9couvrez sur notre blog McAfee toutes nos actualit\u00e9s sur la cybers\u00e9curit\u00e9, profitez de nos conseils pour une vie connect\u00e9e bien prot\u00e9g\u00e9e, et retrouvez tous nos produits.","robots":{"index":"index","follow":"follow","max-snippet":"max-snippet:-1","max-image-preview":"max-image-preview:large","max-video-preview":"max-video-preview:-1"},"og_locale":"fr_CA","og_type":"article","og_title":"Retrouvez nos actualit\u00e9s sur la cybers\u00e9curit\u00e9 | McAfee","og_description":"D\u00e9couvrez sur notre blog McAfee toutes nos actualit\u00e9s sur la cybers\u00e9curit\u00e9, profitez de nos conseils pour une vie connect\u00e9e bien prot\u00e9g\u00e9e, et retrouvez tous nos produits.","og_url":"https:\/\/www.mcafee.com\/blogs\/fr-ca\/","og_site_name":"Blog McAfee","article_publisher":"https:\/\/www.facebook.com\/McAfee\/","article_modified_time":"2026-04-09T12:31:57+00:00","twitter_card":"summary_large_image","twitter_site":"@McAfee","schema":{"@context":"https:\/\/schema.org","@graph":[{"@type":"WebPage","@id":"https:\/\/www.mcafee.com\/blogs\/fr-ca\/","url":"https:\/\/www.mcafee.com\/blogs\/fr-ca\/","name":"Retrouvez nos actualit\u00e9s sur la cybers\u00e9curit\u00e9 | McAfee","isPartOf":{"@id":"https:\/\/www.mcafee.com\/blogs\/fr-ca\/#website"},"datePublished":"2025-08-05T16:51:33+00:00","dateModified":"2026-04-09T12:31:57+00:00","description":"D\u00e9couvrez sur notre blog McAfee toutes nos actualit\u00e9s sur la cybers\u00e9curit\u00e9, profitez de nos conseils pour une vie connect\u00e9e bien prot\u00e9g\u00e9e, et retrouvez tous nos produits.","breadcrumb":{"@id":"https:\/\/www.mcafee.com\/blogs\/fr-ca\/#breadcrumb"},"inLanguage":"fr-CA","potentialAction":[{"@type":"ReadAction","target":["https:\/\/www.mcafee.com\/blogs\/fr-ca\/"]}]},{"@type":"BreadcrumbList","@id":"https:\/\/www.mcafee.com\/blogs\/fr-ca\/#breadcrumb","itemListElement":[{"@type":"ListItem","position":1,"name":"Blog","item":"https:\/\/www.mcafee.com\/blogs\/fr-ca\/"},{"@type":"ListItem","position":2,"name":"Blog"}]},{"@type":"WebSite","@id":"https:\/\/www.mcafee.com\/blogs\/fr-ca\/#website","url":"https:\/\/www.mcafee.com\/blogs\/fr-ca\/","name":"Blog McAfee","description":"Actualit\u00e9s concernant la s\u00e9curit\u00e9 Internet","publisher":{"@id":"https:\/\/www.mcafee.com\/blogs\/fr-ca\/#organization"},"potentialAction":[{"@type":"SearchAction","target":{"@type":"EntryPoint","urlTemplate":"https:\/\/www.mcafee.com\/blogs\/fr-ca\/?s={search_term_string}"},"query-input":{"@type":"PropertyValueSpecification","valueRequired":true,"valueName":"search_term_string"}}],"inLanguage":"fr-CA"},{"@type":"Organization","@id":"https:\/\/www.mcafee.com\/blogs\/fr-ca\/#organization","name":"McAfee","url":"https:\/\/www.mcafee.com\/blogs\/fr-ca\/","logo":{"@type":"ImageObject","inLanguage":"fr-CA","@id":"https:\/\/www.mcafee.com\/blogs\/fr-ca\/#\/schema\/logo\/image\/","url":"https:\/\/www.mcafee.com\/blogs\/wp-content\/uploads\/2023\/02\/mcafee-logo.png","contentUrl":"https:\/\/www.mcafee.com\/blogs\/wp-content\/uploads\/2023\/02\/mcafee-logo.png","width":1286,"height":336,"caption":"McAfee"},"image":{"@id":"https:\/\/www.mcafee.com\/blogs\/fr-ca\/#\/schema\/logo\/image\/"},"sameAs":["https:\/\/www.facebook.com\/McAfee\/","https:\/\/x.com\/McAfee","https:\/\/www.linkedin.com\/company\/mcafee\/","https:\/\/www.youtube.com\/McAfee"]}]}},"_links":{"self":[{"href":"https:\/\/www.mcafee.com\/blogs\/fr-ca\/wp-json\/wp\/v2\/pages\/217194","targetHints":{"allow":["GET"]}}],"collection":[{"href":"https:\/\/www.mcafee.com\/blogs\/fr-ca\/wp-json\/wp\/v2\/pages"}],"about":[{"href":"https:\/\/www.mcafee.com\/blogs\/fr-ca\/wp-json\/wp\/v2\/types\/page"}],"author":[{"embeddable":true,"href":"https:\/\/www.mcafee.com\/blogs\/fr-ca\/wp-json\/wp\/v2\/users\/1400"}],"replies":[{"embeddable":true,"href":"https:\/\/www.mcafee.com\/blogs\/fr-ca\/wp-json\/wp\/v2\/comments?post=217194"}],"version-history":[{"count":18,"href":"https:\/\/www.mcafee.com\/blogs\/fr-ca\/wp-json\/wp\/v2\/pages\/217194\/revisions"}],"predecessor-version":[{"id":228481,"href":"https:\/\/www.mcafee.com\/blogs\/fr-ca\/wp-json\/wp\/v2\/pages\/217194\/revisions\/228481"}],"wp:attachment":[{"href":"https:\/\/www.mcafee.com\/blogs\/fr-ca\/wp-json\/wp\/v2\/media?parent=217194"}],"wp:term":[{"taxonomy":"author","embeddable":true,"href":"https:\/\/www.mcafee.com\/blogs\/fr-ca\/wp-json\/wp\/v2\/coauthors?post=217194"}],"curies":[{"name":"wp","href":"https:\/\/api.w.org\/{rel}","templated":true}]}}