{"id":217195,"date":"2025-08-05T09:51:46","date_gmt":"2025-08-05T16:51:46","guid":{"rendered":"https:\/\/www.mcafee.com\/blogs\/?page_id=217195"},"modified":"2026-04-09T05:18:08","modified_gmt":"2026-04-09T12:18:08","slug":"new-home-page-2","status":"publish","type":"page","link":"https:\/\/www.mcafee.com\/blogs\/fr-fr\/","title":{"rendered":"Blog"},"content":{"rendered":"","protected":false},"excerpt":{"rendered":"","protected":false},"author":1400,"featured_media":0,"parent":0,"menu_order":0,"comment_status":"closed","ping_status":"closed","template":"page-newhome-template.php","meta":{"_acf_changed":false,"footnotes":""},"coauthors":[16309],"class_list":["post-217195","page","type-page","status-publish","hentry"],"acf":[],"yoast_head":"<!-- This site is optimized with the Yoast SEO plugin v25.4 - https:\/\/yoast.com\/wordpress\/plugins\/seo\/ -->\n<title>Toutes nos actualit\u00e9s sur la cybers\u00e9curit\u00e9 | McAfee<\/title>\n<meta name=\"description\" content=\"Bienvenue sur le blog de McAfee, o\u00f9 vous retrouverez toutes nos actualit\u00e9s sur la s\u00e9curit\u00e9, nos conseils, ainsi que nos produits pour vous aider \u00e0 rester bien prot\u00e9g\u00e9 lorsque vous vous connectez.\" \/>\n<meta name=\"robots\" content=\"index, follow, max-snippet:-1, max-image-preview:large, max-video-preview:-1\" \/>\n<meta property=\"og:locale\" content=\"fr_FR\" \/>\n<meta property=\"og:type\" content=\"article\" \/>\n<meta property=\"og:title\" content=\"Toutes nos actualit\u00e9s sur la cybers\u00e9curit\u00e9 | McAfee\" \/>\n<meta property=\"og:description\" content=\"Bienvenue sur le blog de McAfee, o\u00f9 vous retrouverez toutes nos actualit\u00e9s sur la s\u00e9curit\u00e9, nos conseils, ainsi que nos produits pour vous aider \u00e0 rester bien prot\u00e9g\u00e9 lorsque vous vous connectez.\" \/>\n<meta property=\"og:url\" content=\"https:\/\/www.mcafee.com\/blogs\/fr-fr\/\" \/>\n<meta property=\"og:site_name\" content=\"Blog McAfee\" \/>\n<meta property=\"article:publisher\" content=\"https:\/\/www.facebook.com\/McAfee\/\" \/>\n<meta property=\"article:modified_time\" content=\"2026-04-09T12:18:08+00:00\" \/>\n<meta name=\"twitter:card\" content=\"summary_large_image\" \/>\n<meta name=\"twitter:site\" content=\"@McAfee\" \/>\n<script type=\"application\/ld+json\" class=\"yoast-schema-graph\">{\"@context\":\"https:\/\/schema.org\",\"@graph\":[{\"@type\":\"WebPage\",\"@id\":\"https:\/\/www.mcafee.com\/blogs\/fr-fr\/\",\"url\":\"https:\/\/www.mcafee.com\/blogs\/fr-fr\/\",\"name\":\"Toutes nos actualit\u00e9s sur la cybers\u00e9curit\u00e9 | McAfee\",\"isPartOf\":{\"@id\":\"https:\/\/www.mcafee.com\/blogs\/fr-fr\/#website\"},\"datePublished\":\"2025-08-05T16:51:46+00:00\",\"dateModified\":\"2026-04-09T12:18:08+00:00\",\"description\":\"Bienvenue sur le blog de McAfee, o\u00f9 vous retrouverez toutes nos actualit\u00e9s sur la s\u00e9curit\u00e9, nos conseils, ainsi que nos produits pour vous aider \u00e0 rester bien prot\u00e9g\u00e9 lorsque vous vous connectez.\",\"breadcrumb\":{\"@id\":\"https:\/\/www.mcafee.com\/blogs\/fr-fr\/#breadcrumb\"},\"inLanguage\":\"fr-FR\",\"potentialAction\":[{\"@type\":\"ReadAction\",\"target\":[\"https:\/\/www.mcafee.com\/blogs\/fr-fr\/\"]}]},{\"@type\":\"BreadcrumbList\",\"@id\":\"https:\/\/www.mcafee.com\/blogs\/fr-fr\/#breadcrumb\",\"itemListElement\":[{\"@type\":\"ListItem\",\"position\":1,\"name\":\"Blog\",\"item\":\"https:\/\/www.mcafee.com\/blogs\/fr-fr\/\"},{\"@type\":\"ListItem\",\"position\":2,\"name\":\"Blog\"}]},{\"@type\":\"WebSite\",\"@id\":\"https:\/\/www.mcafee.com\/blogs\/fr-fr\/#website\",\"url\":\"https:\/\/www.mcafee.com\/blogs\/fr-fr\/\",\"name\":\"Blog McAfee\",\"description\":\"Actualit\u00e9s concernant la s\u00e9curit\u00e9 Internet\",\"publisher\":{\"@id\":\"https:\/\/www.mcafee.com\/blogs\/fr-fr\/#organization\"},\"potentialAction\":[{\"@type\":\"SearchAction\",\"target\":{\"@type\":\"EntryPoint\",\"urlTemplate\":\"https:\/\/www.mcafee.com\/blogs\/fr-fr\/?s={search_term_string}\"},\"query-input\":{\"@type\":\"PropertyValueSpecification\",\"valueRequired\":true,\"valueName\":\"search_term_string\"}}],\"inLanguage\":\"fr-FR\"},{\"@type\":\"Organization\",\"@id\":\"https:\/\/www.mcafee.com\/blogs\/fr-fr\/#organization\",\"name\":\"McAfee\",\"url\":\"https:\/\/www.mcafee.com\/blogs\/fr-fr\/\",\"logo\":{\"@type\":\"ImageObject\",\"inLanguage\":\"fr-FR\",\"@id\":\"https:\/\/www.mcafee.com\/blogs\/fr-fr\/#\/schema\/logo\/image\/\",\"url\":\"https:\/\/www.mcafee.com\/blogs\/wp-content\/uploads\/2023\/02\/mcafee-logo.png\",\"contentUrl\":\"https:\/\/www.mcafee.com\/blogs\/wp-content\/uploads\/2023\/02\/mcafee-logo.png\",\"width\":1286,\"height\":336,\"caption\":\"McAfee\"},\"image\":{\"@id\":\"https:\/\/www.mcafee.com\/blogs\/fr-fr\/#\/schema\/logo\/image\/\"},\"sameAs\":[\"https:\/\/www.facebook.com\/McAfee\/\",\"https:\/\/x.com\/McAfee\",\"https:\/\/www.linkedin.com\/company\/mcafee\/\",\"https:\/\/www.youtube.com\/McAfee\"]}]}<\/script>\n<!-- \/ Yoast SEO plugin. -->","yoast_head_json":{"title":"Toutes nos actualit\u00e9s sur la cybers\u00e9curit\u00e9 | McAfee","description":"Bienvenue sur le blog de McAfee, o\u00f9 vous retrouverez toutes nos actualit\u00e9s sur la s\u00e9curit\u00e9, nos conseils, ainsi que nos produits pour vous aider \u00e0 rester bien prot\u00e9g\u00e9 lorsque vous vous connectez.","robots":{"index":"index","follow":"follow","max-snippet":"max-snippet:-1","max-image-preview":"max-image-preview:large","max-video-preview":"max-video-preview:-1"},"og_locale":"fr_FR","og_type":"article","og_title":"Toutes nos actualit\u00e9s sur la cybers\u00e9curit\u00e9 | McAfee","og_description":"Bienvenue sur le blog de McAfee, o\u00f9 vous retrouverez toutes nos actualit\u00e9s sur la s\u00e9curit\u00e9, nos conseils, ainsi que nos produits pour vous aider \u00e0 rester bien prot\u00e9g\u00e9 lorsque vous vous connectez.","og_url":"https:\/\/www.mcafee.com\/blogs\/fr-fr\/","og_site_name":"Blog McAfee","article_publisher":"https:\/\/www.facebook.com\/McAfee\/","article_modified_time":"2026-04-09T12:18:08+00:00","twitter_card":"summary_large_image","twitter_site":"@McAfee","schema":{"@context":"https:\/\/schema.org","@graph":[{"@type":"WebPage","@id":"https:\/\/www.mcafee.com\/blogs\/fr-fr\/","url":"https:\/\/www.mcafee.com\/blogs\/fr-fr\/","name":"Toutes nos actualit\u00e9s sur la cybers\u00e9curit\u00e9 | McAfee","isPartOf":{"@id":"https:\/\/www.mcafee.com\/blogs\/fr-fr\/#website"},"datePublished":"2025-08-05T16:51:46+00:00","dateModified":"2026-04-09T12:18:08+00:00","description":"Bienvenue sur le blog de McAfee, o\u00f9 vous retrouverez toutes nos actualit\u00e9s sur la s\u00e9curit\u00e9, nos conseils, ainsi que nos produits pour vous aider \u00e0 rester bien prot\u00e9g\u00e9 lorsque vous vous connectez.","breadcrumb":{"@id":"https:\/\/www.mcafee.com\/blogs\/fr-fr\/#breadcrumb"},"inLanguage":"fr-FR","potentialAction":[{"@type":"ReadAction","target":["https:\/\/www.mcafee.com\/blogs\/fr-fr\/"]}]},{"@type":"BreadcrumbList","@id":"https:\/\/www.mcafee.com\/blogs\/fr-fr\/#breadcrumb","itemListElement":[{"@type":"ListItem","position":1,"name":"Blog","item":"https:\/\/www.mcafee.com\/blogs\/fr-fr\/"},{"@type":"ListItem","position":2,"name":"Blog"}]},{"@type":"WebSite","@id":"https:\/\/www.mcafee.com\/blogs\/fr-fr\/#website","url":"https:\/\/www.mcafee.com\/blogs\/fr-fr\/","name":"Blog McAfee","description":"Actualit\u00e9s concernant la s\u00e9curit\u00e9 Internet","publisher":{"@id":"https:\/\/www.mcafee.com\/blogs\/fr-fr\/#organization"},"potentialAction":[{"@type":"SearchAction","target":{"@type":"EntryPoint","urlTemplate":"https:\/\/www.mcafee.com\/blogs\/fr-fr\/?s={search_term_string}"},"query-input":{"@type":"PropertyValueSpecification","valueRequired":true,"valueName":"search_term_string"}}],"inLanguage":"fr-FR"},{"@type":"Organization","@id":"https:\/\/www.mcafee.com\/blogs\/fr-fr\/#organization","name":"McAfee","url":"https:\/\/www.mcafee.com\/blogs\/fr-fr\/","logo":{"@type":"ImageObject","inLanguage":"fr-FR","@id":"https:\/\/www.mcafee.com\/blogs\/fr-fr\/#\/schema\/logo\/image\/","url":"https:\/\/www.mcafee.com\/blogs\/wp-content\/uploads\/2023\/02\/mcafee-logo.png","contentUrl":"https:\/\/www.mcafee.com\/blogs\/wp-content\/uploads\/2023\/02\/mcafee-logo.png","width":1286,"height":336,"caption":"McAfee"},"image":{"@id":"https:\/\/www.mcafee.com\/blogs\/fr-fr\/#\/schema\/logo\/image\/"},"sameAs":["https:\/\/www.facebook.com\/McAfee\/","https:\/\/x.com\/McAfee","https:\/\/www.linkedin.com\/company\/mcafee\/","https:\/\/www.youtube.com\/McAfee"]}]}},"_links":{"self":[{"href":"https:\/\/www.mcafee.com\/blogs\/fr-fr\/wp-json\/wp\/v2\/pages\/217195","targetHints":{"allow":["GET"]}}],"collection":[{"href":"https:\/\/www.mcafee.com\/blogs\/fr-fr\/wp-json\/wp\/v2\/pages"}],"about":[{"href":"https:\/\/www.mcafee.com\/blogs\/fr-fr\/wp-json\/wp\/v2\/types\/page"}],"author":[{"embeddable":true,"href":"https:\/\/www.mcafee.com\/blogs\/fr-fr\/wp-json\/wp\/v2\/users\/1400"}],"replies":[{"embeddable":true,"href":"https:\/\/www.mcafee.com\/blogs\/fr-fr\/wp-json\/wp\/v2\/comments?post=217195"}],"version-history":[{"count":19,"href":"https:\/\/www.mcafee.com\/blogs\/fr-fr\/wp-json\/wp\/v2\/pages\/217195\/revisions"}],"predecessor-version":[{"id":228474,"href":"https:\/\/www.mcafee.com\/blogs\/fr-fr\/wp-json\/wp\/v2\/pages\/217195\/revisions\/228474"}],"wp:attachment":[{"href":"https:\/\/www.mcafee.com\/blogs\/fr-fr\/wp-json\/wp\/v2\/media?parent=217195"}],"wp:term":[{"taxonomy":"author","embeddable":true,"href":"https:\/\/www.mcafee.com\/blogs\/fr-fr\/wp-json\/wp\/v2\/coauthors?post=217195"}],"curies":[{"name":"wp","href":"https:\/\/api.w.org\/{rel}","templated":true}]}}