{"id":135685,"date":"2023-09-20T07:44:23","date_gmt":"2023-09-20T14:44:23","guid":{"rendered":"https:\/\/www.mcafee.com\/blogs\/new-home-page\/"},"modified":"2025-07-04T01:43:32","modified_gmt":"2025-07-04T08:43:32","slug":"lbog-da-seguranca-digital","status":"publish","type":"page","link":"https:\/\/www.mcafee.com\/blogs\/pt-br\/lbog-da-seguranca-digital\/","title":{"rendered":"Blog da seguran\u00e7a digital"},"content":{"rendered":"","protected":false},"excerpt":{"rendered":"","protected":false},"author":674,"featured_media":0,"parent":0,"menu_order":0,"comment_status":"closed","ping_status":"closed","template":"page-newhome-template.php","meta":{"_acf_changed":false,"footnotes":""},"coauthors":[16310],"class_list":["post-135685","page","type-page","status-publish","hentry"],"acf":[],"yoast_head":"<!-- This site is optimized with the Yoast SEO plugin v25.4 - https:\/\/yoast.com\/wordpress\/plugins\/seo\/ -->\n<title>Blog da ciberseguran\u00e7a<\/title>\n<meta name=\"description\" content=\"Bem-vindo ao blog da McAfee! Conhe\u00e7a solu\u00e7\u00f5es de ciberseguran\u00e7a para manter voc\u00ea, sua fam\u00edlia e seus neg\u00f3cios seguros on-line.\" \/>\n<meta name=\"robots\" content=\"index, follow, max-snippet:-1, max-image-preview:large, max-video-preview:-1\" \/>\n<meta property=\"og:locale\" content=\"pt_BR\" \/>\n<meta property=\"og:type\" content=\"article\" \/>\n<meta property=\"og:title\" content=\"Blog da ciberseguran\u00e7a\" \/>\n<meta property=\"og:description\" content=\"Bem-vindo ao blog da McAfee! Conhe\u00e7a solu\u00e7\u00f5es de ciberseguran\u00e7a para manter voc\u00ea, sua fam\u00edlia e seus neg\u00f3cios seguros on-line.\" \/>\n<meta property=\"og:url\" content=\"https:\/\/www.mcafee.com\/blogs\/pt-br\/lbog-da-seguranca-digital\/\" \/>\n<meta property=\"og:site_name\" content=\"Blog da McAfee\" \/>\n<meta property=\"article:publisher\" content=\"https:\/\/www.facebook.com\/McAfee\/\" \/>\n<meta property=\"article:modified_time\" content=\"2025-07-04T08:43:32+00:00\" \/>\n<meta name=\"twitter:card\" content=\"summary_large_image\" \/>\n<meta name=\"twitter:site\" content=\"@McAfee\" \/>\n<script type=\"application\/ld+json\" class=\"yoast-schema-graph\">{\"@context\":\"https:\/\/schema.org\",\"@graph\":[{\"@type\":\"WebPage\",\"@id\":\"https:\/\/www.mcafee.com\/blogs\/pt-br\/lbog-da-seguranca-digital\/\",\"url\":\"https:\/\/www.mcafee.com\/blogs\/pt-br\/lbog-da-seguranca-digital\/\",\"name\":\"Blog da ciberseguran\u00e7a\",\"isPartOf\":{\"@id\":\"https:\/\/www.mcafee.com\/blogs\/pt-br\/#website\"},\"datePublished\":\"2023-09-20T14:44:23+00:00\",\"dateModified\":\"2025-07-04T08:43:32+00:00\",\"description\":\"Bem-vindo ao blog da McAfee! Conhe\u00e7a solu\u00e7\u00f5es de ciberseguran\u00e7a para manter voc\u00ea, sua fam\u00edlia e seus neg\u00f3cios seguros on-line.\",\"breadcrumb\":{\"@id\":\"https:\/\/www.mcafee.com\/blogs\/pt-br\/lbog-da-seguranca-digital\/#breadcrumb\"},\"inLanguage\":\"pt-BR\",\"potentialAction\":[{\"@type\":\"ReadAction\",\"target\":[\"https:\/\/www.mcafee.com\/blogs\/pt-br\/lbog-da-seguranca-digital\/\"]}]},{\"@type\":\"BreadcrumbList\",\"@id\":\"https:\/\/www.mcafee.com\/blogs\/pt-br\/lbog-da-seguranca-digital\/#breadcrumb\",\"itemListElement\":[{\"@type\":\"ListItem\",\"position\":1,\"name\":\"Blog\",\"item\":\"https:\/\/www.mcafee.com\/blogs\/pt-br\/\"},{\"@type\":\"ListItem\",\"position\":2,\"name\":\"Blog da ciberseguran\u00e7a\"}]},{\"@type\":\"WebSite\",\"@id\":\"https:\/\/www.mcafee.com\/blogs\/pt-br\/#website\",\"url\":\"https:\/\/www.mcafee.com\/blogs\/pt-br\/\",\"name\":\"Blog da McAfee\",\"description\":\"Not\u00edcias sobre seguran\u00e7a na Internet\",\"publisher\":{\"@id\":\"https:\/\/www.mcafee.com\/blogs\/pt-br\/#organization\"},\"potentialAction\":[{\"@type\":\"SearchAction\",\"target\":{\"@type\":\"EntryPoint\",\"urlTemplate\":\"https:\/\/www.mcafee.com\/blogs\/pt-br\/?s={search_term_string}\"},\"query-input\":{\"@type\":\"PropertyValueSpecification\",\"valueRequired\":true,\"valueName\":\"search_term_string\"}}],\"inLanguage\":\"pt-BR\"},{\"@type\":\"Organization\",\"@id\":\"https:\/\/www.mcafee.com\/blogs\/pt-br\/#organization\",\"name\":\"McAfee\",\"url\":\"https:\/\/www.mcafee.com\/blogs\/pt-br\/\",\"logo\":{\"@type\":\"ImageObject\",\"inLanguage\":\"pt-BR\",\"@id\":\"https:\/\/www.mcafee.com\/blogs\/pt-br\/#\/schema\/logo\/image\/\",\"url\":\"https:\/\/www.mcafee.com\/blogs\/wp-content\/uploads\/2023\/02\/mcafee-logo.png\",\"contentUrl\":\"https:\/\/www.mcafee.com\/blogs\/wp-content\/uploads\/2023\/02\/mcafee-logo.png\",\"width\":1286,\"height\":336,\"caption\":\"McAfee\"},\"image\":{\"@id\":\"https:\/\/www.mcafee.com\/blogs\/pt-br\/#\/schema\/logo\/image\/\"},\"sameAs\":[\"https:\/\/www.facebook.com\/McAfee\/\",\"https:\/\/x.com\/McAfee\",\"https:\/\/www.linkedin.com\/company\/mcafee\/\",\"https:\/\/www.youtube.com\/McAfee\"]}]}<\/script>\n<!-- \/ Yoast SEO plugin. -->","yoast_head_json":{"title":"Blog da ciberseguran\u00e7a","description":"Bem-vindo ao blog da McAfee! Conhe\u00e7a solu\u00e7\u00f5es de ciberseguran\u00e7a para manter voc\u00ea, sua fam\u00edlia e seus neg\u00f3cios seguros on-line.","robots":{"index":"index","follow":"follow","max-snippet":"max-snippet:-1","max-image-preview":"max-image-preview:large","max-video-preview":"max-video-preview:-1"},"og_locale":"pt_BR","og_type":"article","og_title":"Blog da ciberseguran\u00e7a","og_description":"Bem-vindo ao blog da McAfee! Conhe\u00e7a solu\u00e7\u00f5es de ciberseguran\u00e7a para manter voc\u00ea, sua fam\u00edlia e seus neg\u00f3cios seguros on-line.","og_url":"https:\/\/www.mcafee.com\/blogs\/pt-br\/lbog-da-seguranca-digital\/","og_site_name":"Blog da McAfee","article_publisher":"https:\/\/www.facebook.com\/McAfee\/","article_modified_time":"2025-07-04T08:43:32+00:00","twitter_card":"summary_large_image","twitter_site":"@McAfee","schema":{"@context":"https:\/\/schema.org","@graph":[{"@type":"WebPage","@id":"https:\/\/www.mcafee.com\/blogs\/pt-br\/lbog-da-seguranca-digital\/","url":"https:\/\/www.mcafee.com\/blogs\/pt-br\/lbog-da-seguranca-digital\/","name":"Blog da ciberseguran\u00e7a","isPartOf":{"@id":"https:\/\/www.mcafee.com\/blogs\/pt-br\/#website"},"datePublished":"2023-09-20T14:44:23+00:00","dateModified":"2025-07-04T08:43:32+00:00","description":"Bem-vindo ao blog da McAfee! Conhe\u00e7a solu\u00e7\u00f5es de ciberseguran\u00e7a para manter voc\u00ea, sua fam\u00edlia e seus neg\u00f3cios seguros on-line.","breadcrumb":{"@id":"https:\/\/www.mcafee.com\/blogs\/pt-br\/lbog-da-seguranca-digital\/#breadcrumb"},"inLanguage":"pt-BR","potentialAction":[{"@type":"ReadAction","target":["https:\/\/www.mcafee.com\/blogs\/pt-br\/lbog-da-seguranca-digital\/"]}]},{"@type":"BreadcrumbList","@id":"https:\/\/www.mcafee.com\/blogs\/pt-br\/lbog-da-seguranca-digital\/#breadcrumb","itemListElement":[{"@type":"ListItem","position":1,"name":"Blog","item":"https:\/\/www.mcafee.com\/blogs\/pt-br\/"},{"@type":"ListItem","position":2,"name":"Blog da ciberseguran\u00e7a"}]},{"@type":"WebSite","@id":"https:\/\/www.mcafee.com\/blogs\/pt-br\/#website","url":"https:\/\/www.mcafee.com\/blogs\/pt-br\/","name":"Blog da McAfee","description":"Not\u00edcias sobre seguran\u00e7a na Internet","publisher":{"@id":"https:\/\/www.mcafee.com\/blogs\/pt-br\/#organization"},"potentialAction":[{"@type":"SearchAction","target":{"@type":"EntryPoint","urlTemplate":"https:\/\/www.mcafee.com\/blogs\/pt-br\/?s={search_term_string}"},"query-input":{"@type":"PropertyValueSpecification","valueRequired":true,"valueName":"search_term_string"}}],"inLanguage":"pt-BR"},{"@type":"Organization","@id":"https:\/\/www.mcafee.com\/blogs\/pt-br\/#organization","name":"McAfee","url":"https:\/\/www.mcafee.com\/blogs\/pt-br\/","logo":{"@type":"ImageObject","inLanguage":"pt-BR","@id":"https:\/\/www.mcafee.com\/blogs\/pt-br\/#\/schema\/logo\/image\/","url":"https:\/\/www.mcafee.com\/blogs\/wp-content\/uploads\/2023\/02\/mcafee-logo.png","contentUrl":"https:\/\/www.mcafee.com\/blogs\/wp-content\/uploads\/2023\/02\/mcafee-logo.png","width":1286,"height":336,"caption":"McAfee"},"image":{"@id":"https:\/\/www.mcafee.com\/blogs\/pt-br\/#\/schema\/logo\/image\/"},"sameAs":["https:\/\/www.facebook.com\/McAfee\/","https:\/\/x.com\/McAfee","https:\/\/www.linkedin.com\/company\/mcafee\/","https:\/\/www.youtube.com\/McAfee"]}]}},"_links":{"self":[{"href":"https:\/\/www.mcafee.com\/blogs\/pt-br\/wp-json\/wp\/v2\/pages\/135685","targetHints":{"allow":["GET"]}}],"collection":[{"href":"https:\/\/www.mcafee.com\/blogs\/pt-br\/wp-json\/wp\/v2\/pages"}],"about":[{"href":"https:\/\/www.mcafee.com\/blogs\/pt-br\/wp-json\/wp\/v2\/types\/page"}],"author":[{"embeddable":true,"href":"https:\/\/www.mcafee.com\/blogs\/pt-br\/wp-json\/wp\/v2\/users\/674"}],"replies":[{"embeddable":true,"href":"https:\/\/www.mcafee.com\/blogs\/pt-br\/wp-json\/wp\/v2\/comments?post=135685"}],"version-history":[{"count":44,"href":"https:\/\/www.mcafee.com\/blogs\/pt-br\/wp-json\/wp\/v2\/pages\/135685\/revisions"}],"predecessor-version":[{"id":215916,"href":"https:\/\/www.mcafee.com\/blogs\/pt-br\/wp-json\/wp\/v2\/pages\/135685\/revisions\/215916"}],"wp:attachment":[{"href":"https:\/\/www.mcafee.com\/blogs\/pt-br\/wp-json\/wp\/v2\/media?parent=135685"}],"wp:term":[{"taxonomy":"author","embeddable":true,"href":"https:\/\/www.mcafee.com\/blogs\/pt-br\/wp-json\/wp\/v2\/coauthors?post=135685"}],"curies":[{"name":"wp","href":"https:\/\/api.w.org\/{rel}","templated":true}]}}