{"id":146609,"date":"2022-03-20T13:25:10","date_gmt":"2022-03-20T20:25:10","guid":{"rendered":"https:\/\/www.mcafee.com\/blogs\/new-home-page\/"},"modified":"2025-06-20T08:39:58","modified_gmt":"2025-06-20T15:39:58","slug":"blog-da-ciberseguranca","status":"publish","type":"page","link":"https:\/\/www.mcafee.com\/blogs\/pt-pt\/blog-da-ciberseguranca\/","title":{"rendered":"Blogue"},"content":{"rendered":"","protected":false},"excerpt":{"rendered":"","protected":false},"author":674,"featured_media":0,"parent":0,"menu_order":0,"comment_status":"closed","ping_status":"closed","template":"page-newhome-template.php","meta":{"_acf_changed":false,"footnotes":""},"coauthors":[16332],"class_list":["post-146609","page","type-page","status-publish","hentry"],"acf":[],"yoast_head":"<!-- This site is optimized with the Yoast SEO plugin v25.4 - https:\/\/yoast.com\/wordpress\/plugins\/seo\/ -->\n<title>Ciberseguran\u00e7a: not\u00edcias e an\u00e1lises para ficar seguro | McAfee<\/title>\n<meta name=\"description\" content=\"Bem-vindo ao Blog McAfee, onde partilhamos posts sobre ciberseguran\u00e7a para manter sua fam\u00edlia, seus neg\u00f3cios e a si protegidos online.\" \/>\n<meta name=\"robots\" content=\"index, follow, max-snippet:-1, max-image-preview:large, max-video-preview:-1\" \/>\n<meta property=\"og:locale\" content=\"pt_PT\" \/>\n<meta property=\"og:type\" content=\"article\" \/>\n<meta property=\"og:title\" content=\"Ciberseguran\u00e7a: not\u00edcias e an\u00e1lises para ficar seguro | McAfee\" \/>\n<meta property=\"og:description\" content=\"Bem-vindo ao Blog McAfee, onde partilhamos posts sobre ciberseguran\u00e7a para manter sua fam\u00edlia, seus neg\u00f3cios e a si protegidos online.\" \/>\n<meta property=\"og:url\" content=\"https:\/\/www.mcafee.com\/blogs\/pt-pt\/blog-da-ciberseguranca\/\" \/>\n<meta property=\"og:site_name\" content=\"Blogue da McAfee\" \/>\n<meta property=\"article:publisher\" content=\"https:\/\/www.facebook.com\/McAfee\/\" \/>\n<meta property=\"article:modified_time\" content=\"2025-06-20T15:39:58+00:00\" \/>\n<meta name=\"twitter:card\" content=\"summary_large_image\" \/>\n<meta name=\"twitter:site\" content=\"@McAfee\" \/>\n<script type=\"application\/ld+json\" class=\"yoast-schema-graph\">{\"@context\":\"https:\/\/schema.org\",\"@graph\":[{\"@type\":\"WebPage\",\"@id\":\"https:\/\/www.mcafee.com\/blogs\/pt-pt\/blog-da-ciberseguranca\/\",\"url\":\"https:\/\/www.mcafee.com\/blogs\/pt-pt\/blog-da-ciberseguranca\/\",\"name\":\"Ciberseguran\u00e7a: not\u00edcias e an\u00e1lises para ficar seguro | McAfee\",\"isPartOf\":{\"@id\":\"https:\/\/www.mcafee.com\/blogs\/pt-pt\/#website\"},\"datePublished\":\"2022-03-20T20:25:10+00:00\",\"dateModified\":\"2025-06-20T15:39:58+00:00\",\"description\":\"Bem-vindo ao Blog McAfee, onde partilhamos posts sobre ciberseguran\u00e7a para manter sua fam\u00edlia, seus neg\u00f3cios e a si protegidos online.\",\"breadcrumb\":{\"@id\":\"https:\/\/www.mcafee.com\/blogs\/pt-pt\/blog-da-ciberseguranca\/#breadcrumb\"},\"inLanguage\":\"pt-PT\",\"potentialAction\":[{\"@type\":\"ReadAction\",\"target\":[\"https:\/\/www.mcafee.com\/blogs\/pt-pt\/blog-da-ciberseguranca\/\"]}]},{\"@type\":\"BreadcrumbList\",\"@id\":\"https:\/\/www.mcafee.com\/blogs\/pt-pt\/blog-da-ciberseguranca\/#breadcrumb\",\"itemListElement\":[{\"@type\":\"ListItem\",\"position\":1,\"name\":\"Blog\",\"item\":\"https:\/\/www.mcafee.com\/blogs\/pt-pt\/\"},{\"@type\":\"ListItem\",\"position\":2,\"name\":\"Blog\"}]},{\"@type\":\"WebSite\",\"@id\":\"https:\/\/www.mcafee.com\/blogs\/pt-pt\/#website\",\"url\":\"https:\/\/www.mcafee.com\/blogs\/pt-pt\/\",\"name\":\"Blogue da McAfee\",\"description\":\"Not\u00edcias sobre seguran\u00e7a na Internet\",\"publisher\":{\"@id\":\"https:\/\/www.mcafee.com\/blogs\/pt-pt\/#organization\"},\"potentialAction\":[{\"@type\":\"SearchAction\",\"target\":{\"@type\":\"EntryPoint\",\"urlTemplate\":\"https:\/\/www.mcafee.com\/blogs\/pt-pt\/?s={search_term_string}\"},\"query-input\":{\"@type\":\"PropertyValueSpecification\",\"valueRequired\":true,\"valueName\":\"search_term_string\"}}],\"inLanguage\":\"pt-PT\"},{\"@type\":\"Organization\",\"@id\":\"https:\/\/www.mcafee.com\/blogs\/pt-pt\/#organization\",\"name\":\"McAfee\",\"url\":\"https:\/\/www.mcafee.com\/blogs\/pt-pt\/\",\"logo\":{\"@type\":\"ImageObject\",\"inLanguage\":\"pt-PT\",\"@id\":\"https:\/\/www.mcafee.com\/blogs\/pt-pt\/#\/schema\/logo\/image\/\",\"url\":\"https:\/\/www.mcafee.com\/blogs\/wp-content\/uploads\/2023\/02\/mcafee-logo.png\",\"contentUrl\":\"https:\/\/www.mcafee.com\/blogs\/wp-content\/uploads\/2023\/02\/mcafee-logo.png\",\"width\":1286,\"height\":336,\"caption\":\"McAfee\"},\"image\":{\"@id\":\"https:\/\/www.mcafee.com\/blogs\/pt-pt\/#\/schema\/logo\/image\/\"},\"sameAs\":[\"https:\/\/www.facebook.com\/McAfee\/\",\"https:\/\/x.com\/McAfee\",\"https:\/\/www.linkedin.com\/company\/mcafee\/\",\"https:\/\/www.youtube.com\/McAfee\"]}]}<\/script>\n<!-- \/ Yoast SEO plugin. -->","yoast_head_json":{"title":"Ciberseguran\u00e7a: not\u00edcias e an\u00e1lises para ficar seguro | McAfee","description":"Bem-vindo ao Blog McAfee, onde partilhamos posts sobre ciberseguran\u00e7a para manter sua fam\u00edlia, seus neg\u00f3cios e a si protegidos online.","robots":{"index":"index","follow":"follow","max-snippet":"max-snippet:-1","max-image-preview":"max-image-preview:large","max-video-preview":"max-video-preview:-1"},"og_locale":"pt_PT","og_type":"article","og_title":"Ciberseguran\u00e7a: not\u00edcias e an\u00e1lises para ficar seguro | McAfee","og_description":"Bem-vindo ao Blog McAfee, onde partilhamos posts sobre ciberseguran\u00e7a para manter sua fam\u00edlia, seus neg\u00f3cios e a si protegidos online.","og_url":"https:\/\/www.mcafee.com\/blogs\/pt-pt\/blog-da-ciberseguranca\/","og_site_name":"Blogue da McAfee","article_publisher":"https:\/\/www.facebook.com\/McAfee\/","article_modified_time":"2025-06-20T15:39:58+00:00","twitter_card":"summary_large_image","twitter_site":"@McAfee","schema":{"@context":"https:\/\/schema.org","@graph":[{"@type":"WebPage","@id":"https:\/\/www.mcafee.com\/blogs\/pt-pt\/blog-da-ciberseguranca\/","url":"https:\/\/www.mcafee.com\/blogs\/pt-pt\/blog-da-ciberseguranca\/","name":"Ciberseguran\u00e7a: not\u00edcias e an\u00e1lises para ficar seguro | McAfee","isPartOf":{"@id":"https:\/\/www.mcafee.com\/blogs\/pt-pt\/#website"},"datePublished":"2022-03-20T20:25:10+00:00","dateModified":"2025-06-20T15:39:58+00:00","description":"Bem-vindo ao Blog McAfee, onde partilhamos posts sobre ciberseguran\u00e7a para manter sua fam\u00edlia, seus neg\u00f3cios e a si protegidos online.","breadcrumb":{"@id":"https:\/\/www.mcafee.com\/blogs\/pt-pt\/blog-da-ciberseguranca\/#breadcrumb"},"inLanguage":"pt-PT","potentialAction":[{"@type":"ReadAction","target":["https:\/\/www.mcafee.com\/blogs\/pt-pt\/blog-da-ciberseguranca\/"]}]},{"@type":"BreadcrumbList","@id":"https:\/\/www.mcafee.com\/blogs\/pt-pt\/blog-da-ciberseguranca\/#breadcrumb","itemListElement":[{"@type":"ListItem","position":1,"name":"Blog","item":"https:\/\/www.mcafee.com\/blogs\/pt-pt\/"},{"@type":"ListItem","position":2,"name":"Blog"}]},{"@type":"WebSite","@id":"https:\/\/www.mcafee.com\/blogs\/pt-pt\/#website","url":"https:\/\/www.mcafee.com\/blogs\/pt-pt\/","name":"Blogue da McAfee","description":"Not\u00edcias sobre seguran\u00e7a na Internet","publisher":{"@id":"https:\/\/www.mcafee.com\/blogs\/pt-pt\/#organization"},"potentialAction":[{"@type":"SearchAction","target":{"@type":"EntryPoint","urlTemplate":"https:\/\/www.mcafee.com\/blogs\/pt-pt\/?s={search_term_string}"},"query-input":{"@type":"PropertyValueSpecification","valueRequired":true,"valueName":"search_term_string"}}],"inLanguage":"pt-PT"},{"@type":"Organization","@id":"https:\/\/www.mcafee.com\/blogs\/pt-pt\/#organization","name":"McAfee","url":"https:\/\/www.mcafee.com\/blogs\/pt-pt\/","logo":{"@type":"ImageObject","inLanguage":"pt-PT","@id":"https:\/\/www.mcafee.com\/blogs\/pt-pt\/#\/schema\/logo\/image\/","url":"https:\/\/www.mcafee.com\/blogs\/wp-content\/uploads\/2023\/02\/mcafee-logo.png","contentUrl":"https:\/\/www.mcafee.com\/blogs\/wp-content\/uploads\/2023\/02\/mcafee-logo.png","width":1286,"height":336,"caption":"McAfee"},"image":{"@id":"https:\/\/www.mcafee.com\/blogs\/pt-pt\/#\/schema\/logo\/image\/"},"sameAs":["https:\/\/www.facebook.com\/McAfee\/","https:\/\/x.com\/McAfee","https:\/\/www.linkedin.com\/company\/mcafee\/","https:\/\/www.youtube.com\/McAfee"]}]}},"_links":{"self":[{"href":"https:\/\/www.mcafee.com\/blogs\/pt-pt\/wp-json\/wp\/v2\/pages\/146609","targetHints":{"allow":["GET"]}}],"collection":[{"href":"https:\/\/www.mcafee.com\/blogs\/pt-pt\/wp-json\/wp\/v2\/pages"}],"about":[{"href":"https:\/\/www.mcafee.com\/blogs\/pt-pt\/wp-json\/wp\/v2\/types\/page"}],"author":[{"embeddable":true,"href":"https:\/\/www.mcafee.com\/blogs\/pt-pt\/wp-json\/wp\/v2\/users\/674"}],"replies":[{"embeddable":true,"href":"https:\/\/www.mcafee.com\/blogs\/pt-pt\/wp-json\/wp\/v2\/comments?post=146609"}],"version-history":[{"count":34,"href":"https:\/\/www.mcafee.com\/blogs\/pt-pt\/wp-json\/wp\/v2\/pages\/146609\/revisions"}],"predecessor-version":[{"id":215734,"href":"https:\/\/www.mcafee.com\/blogs\/pt-pt\/wp-json\/wp\/v2\/pages\/146609\/revisions\/215734"}],"wp:attachment":[{"href":"https:\/\/www.mcafee.com\/blogs\/pt-pt\/wp-json\/wp\/v2\/media?parent=146609"}],"wp:term":[{"taxonomy":"author","embeddable":true,"href":"https:\/\/www.mcafee.com\/blogs\/pt-pt\/wp-json\/wp\/v2\/coauthors?post=146609"}],"curies":[{"name":"wp","href":"https:\/\/api.w.org\/{rel}","templated":true}]}}