{"id":8829,"date":"2022-06-27T09:17:18","date_gmt":"2022-06-27T17:17:18","guid":{"rendered":"https:\/\/www.mcafee.com\/learn\/identity-monitoring\/"},"modified":"2024-05-29T01:36:24","modified_gmt":"2024-05-29T09:36:24","slug":"identitaetsueberwachung","status":"publish","type":"page","link":"https:\/\/www.mcafee.com\/learn\/de\/identitaetsueberwachung\/","title":{"rendered":"Identit\u00e4ts\u00fcberwachung \u2013 sch\u00fctzen Sie Ihre Daten vor neugierigen Blicken"},"content":{"rendered":"","protected":false},"excerpt":{"rendered":"","protected":false},"author":2,"featured_media":0,"parent":0,"menu_order":0,"comment_status":"closed","ping_status":"closed","template":"feature-page.php","meta":{"_acf_changed":false,"footnotes":""},"class_list":["post-8829","page","type-page","status-publish","hentry"],"acf":[],"yoast_head":"<!-- This site is optimized with the Yoast SEO plugin v25.4 - https:\/\/yoast.com\/wordpress\/plugins\/seo\/ -->\n<title>Identit\u00e4ts\u00fcberwachung \u2013 Sch\u00fctzen Sie Ihre Daten online | McAfee<\/title>\n<meta name=\"description\" content=\"Die Identit\u00e4ts\u00fcberwachung sch\u00fctzt Ihre pers\u00f6nlichen Daten vor betr\u00fcgerischen Aktivit\u00e4ten, z.\u00a0B. bei Kontoregistrierungen oder Datenkompromittierungen.\" \/>\n<meta name=\"robots\" content=\"index, follow, max-snippet:-1, max-image-preview:large, max-video-preview:-1\" \/>\n<link rel=\"canonical\" href=\"https:\/\/www.mcafee.com\/learn\/de\/identitaetsueberwachung\/\" \/>\n<meta property=\"og:locale\" content=\"de_DE\" \/>\n<meta property=\"og:type\" content=\"article\" \/>\n<meta property=\"og:title\" content=\"Identit\u00e4ts\u00fcberwachung \u2013 Sch\u00fctzen Sie Ihre Daten online | McAfee\" \/>\n<meta property=\"og:description\" content=\"Die Identit\u00e4ts\u00fcberwachung sch\u00fctzt Ihre pers\u00f6nlichen Daten vor betr\u00fcgerischen Aktivit\u00e4ten, z.\u00a0B. bei Kontoregistrierungen oder Datenkompromittierungen.\" \/>\n<meta property=\"og:url\" content=\"https:\/\/www.mcafee.com\/learn\/de\/identitaetsueberwachung\/\" \/>\n<meta property=\"og:site_name\" content=\"McAfee\" \/>\n<meta property=\"article:publisher\" content=\"https:\/\/www.facebook.com\/McAfee\/\" \/>\n<meta property=\"article:modified_time\" content=\"2024-05-29T09:36:24+00:00\" \/>\n<meta property=\"og:image\" content=\"https:\/\/www.mcafee.com\/learn\/wp-content\/uploads\/2022\/01\/what_is_identity_theft.jpg\" \/>\n\t<meta property=\"og:image:width\" content=\"1308\" \/>\n\t<meta property=\"og:image:height\" content=\"666\" \/>\n\t<meta property=\"og:image:type\" content=\"image\/jpeg\" \/>\n<meta name=\"twitter:card\" content=\"summary_large_image\" \/>\n<meta name=\"twitter:site\" content=\"@mcafee_home\" \/>\n<script type=\"application\/ld+json\" class=\"yoast-schema-graph\">{\"@context\":\"https:\/\/schema.org\",\"@graph\":[{\"@type\":\"WebPage\",\"@id\":\"https:\/\/www.mcafee.com\/learn\/de\/identitaetsueberwachung\/\",\"url\":\"https:\/\/www.mcafee.com\/learn\/de\/identitaetsueberwachung\/\",\"name\":\"Identit\u00e4ts\u00fcberwachung \u2013 Sch\u00fctzen Sie Ihre Daten online | McAfee\",\"isPartOf\":{\"@id\":\"https:\/\/www.mcafee.com\/learn\/de\/#website\"},\"datePublished\":\"2022-06-27T17:17:18+00:00\",\"dateModified\":\"2024-05-29T09:36:24+00:00\",\"description\":\"Die Identit\u00e4ts\u00fcberwachung sch\u00fctzt Ihre pers\u00f6nlichen Daten vor betr\u00fcgerischen Aktivit\u00e4ten, z.\u00a0B. bei Kontoregistrierungen oder Datenkompromittierungen.\",\"breadcrumb\":{\"@id\":\"https:\/\/www.mcafee.com\/learn\/de\/identitaetsueberwachung\/#breadcrumb\"},\"inLanguage\":\"de-DE\",\"potentialAction\":[{\"@type\":\"ReadAction\",\"target\":[\"https:\/\/www.mcafee.com\/learn\/de\/identitaetsueberwachung\/\"]}]},{\"@type\":\"BreadcrumbList\",\"@id\":\"https:\/\/www.mcafee.com\/learn\/de\/identitaetsueberwachung\/#breadcrumb\",\"itemListElement\":[{\"@type\":\"ListItem\",\"position\":1,\"name\":\"Lernen mit McAfee\",\"item\":\"https:\/\/www.mcafee.com\/learn\/de\/\"},{\"@type\":\"ListItem\",\"position\":2,\"name\":\"Identit\u00e4ts\u00fcberwachung \u2013 sch\u00fctzen Sie Ihre Daten vor neugierigen Blicken\"}]},{\"@type\":\"WebSite\",\"@id\":\"https:\/\/www.mcafee.com\/learn\/de\/#website\",\"url\":\"https:\/\/www.mcafee.com\/learn\/de\/\",\"name\":\"McAfee\",\"description\":\"\",\"publisher\":{\"@id\":\"https:\/\/www.mcafee.com\/learn\/de\/#organization\"},\"potentialAction\":[{\"@type\":\"SearchAction\",\"target\":{\"@type\":\"EntryPoint\",\"urlTemplate\":\"https:\/\/www.mcafee.com\/learn\/de\/?s={search_term_string}\"},\"query-input\":{\"@type\":\"PropertyValueSpecification\",\"valueRequired\":true,\"valueName\":\"search_term_string\"}}],\"inLanguage\":\"de-DE\"},{\"@type\":\"Organization\",\"@id\":\"https:\/\/www.mcafee.com\/learn\/de\/#organization\",\"name\":\"McAfee\",\"url\":\"https:\/\/www.mcafee.com\/learn\/de\/\",\"logo\":{\"@type\":\"ImageObject\",\"inLanguage\":\"de-DE\",\"@id\":\"https:\/\/www.mcafee.com\/learn\/de\/#\/schema\/logo\/image\/\",\"url\":\"https:\/\/www.mcafee.com\/learn\/wp-content\/uploads\/2022\/12\/mcafeelogo.png\",\"contentUrl\":\"https:\/\/www.mcafee.com\/learn\/wp-content\/uploads\/2022\/12\/mcafeelogo.png\",\"width\":193,\"height\":88,\"caption\":\"McAfee\"},\"image\":{\"@id\":\"https:\/\/www.mcafee.com\/learn\/de\/#\/schema\/logo\/image\/\"},\"sameAs\":[\"https:\/\/www.facebook.com\/McAfee\/\",\"https:\/\/x.com\/mcafee_home\",\"https:\/\/www.linkedin.com\/company\/mcafee\/\",\"https:\/\/www.youtube.com\/user\/mcafee4consumers\",\"https:\/\/en.wikipedia.org\/wiki\/McAfee\"]}]}<\/script>\n<!-- \/ Yoast SEO plugin. -->","yoast_head_json":{"title":"Identit\u00e4ts\u00fcberwachung \u2013 Sch\u00fctzen Sie Ihre Daten online | McAfee","description":"Die Identit\u00e4ts\u00fcberwachung sch\u00fctzt Ihre pers\u00f6nlichen Daten vor betr\u00fcgerischen Aktivit\u00e4ten, z.\u00a0B. bei Kontoregistrierungen oder Datenkompromittierungen.","robots":{"index":"index","follow":"follow","max-snippet":"max-snippet:-1","max-image-preview":"max-image-preview:large","max-video-preview":"max-video-preview:-1"},"canonical":"https:\/\/www.mcafee.com\/learn\/de\/identitaetsueberwachung\/","og_locale":"de_DE","og_type":"article","og_title":"Identit\u00e4ts\u00fcberwachung \u2013 Sch\u00fctzen Sie Ihre Daten online | McAfee","og_description":"Die Identit\u00e4ts\u00fcberwachung sch\u00fctzt Ihre pers\u00f6nlichen Daten vor betr\u00fcgerischen Aktivit\u00e4ten, z.\u00a0B. bei Kontoregistrierungen oder Datenkompromittierungen.","og_url":"https:\/\/www.mcafee.com\/learn\/de\/identitaetsueberwachung\/","og_site_name":"McAfee","article_publisher":"https:\/\/www.facebook.com\/McAfee\/","article_modified_time":"2024-05-29T09:36:24+00:00","og_image":[{"width":1308,"height":666,"url":"https:\/\/www.mcafee.com\/learn\/wp-content\/uploads\/2022\/01\/what_is_identity_theft.jpg","type":"image\/jpeg"}],"twitter_card":"summary_large_image","twitter_site":"@mcafee_home","schema":{"@context":"https:\/\/schema.org","@graph":[{"@type":"WebPage","@id":"https:\/\/www.mcafee.com\/learn\/de\/identitaetsueberwachung\/","url":"https:\/\/www.mcafee.com\/learn\/de\/identitaetsueberwachung\/","name":"Identit\u00e4ts\u00fcberwachung \u2013 Sch\u00fctzen Sie Ihre Daten online | McAfee","isPartOf":{"@id":"https:\/\/www.mcafee.com\/learn\/de\/#website"},"datePublished":"2022-06-27T17:17:18+00:00","dateModified":"2024-05-29T09:36:24+00:00","description":"Die Identit\u00e4ts\u00fcberwachung sch\u00fctzt Ihre pers\u00f6nlichen Daten vor betr\u00fcgerischen Aktivit\u00e4ten, z.\u00a0B. bei Kontoregistrierungen oder Datenkompromittierungen.","breadcrumb":{"@id":"https:\/\/www.mcafee.com\/learn\/de\/identitaetsueberwachung\/#breadcrumb"},"inLanguage":"de-DE","potentialAction":[{"@type":"ReadAction","target":["https:\/\/www.mcafee.com\/learn\/de\/identitaetsueberwachung\/"]}]},{"@type":"BreadcrumbList","@id":"https:\/\/www.mcafee.com\/learn\/de\/identitaetsueberwachung\/#breadcrumb","itemListElement":[{"@type":"ListItem","position":1,"name":"Lernen mit McAfee","item":"https:\/\/www.mcafee.com\/learn\/de\/"},{"@type":"ListItem","position":2,"name":"Identit\u00e4ts\u00fcberwachung \u2013 sch\u00fctzen Sie Ihre Daten vor neugierigen Blicken"}]},{"@type":"WebSite","@id":"https:\/\/www.mcafee.com\/learn\/de\/#website","url":"https:\/\/www.mcafee.com\/learn\/de\/","name":"McAfee","description":"","publisher":{"@id":"https:\/\/www.mcafee.com\/learn\/de\/#organization"},"potentialAction":[{"@type":"SearchAction","target":{"@type":"EntryPoint","urlTemplate":"https:\/\/www.mcafee.com\/learn\/de\/?s={search_term_string}"},"query-input":{"@type":"PropertyValueSpecification","valueRequired":true,"valueName":"search_term_string"}}],"inLanguage":"de-DE"},{"@type":"Organization","@id":"https:\/\/www.mcafee.com\/learn\/de\/#organization","name":"McAfee","url":"https:\/\/www.mcafee.com\/learn\/de\/","logo":{"@type":"ImageObject","inLanguage":"de-DE","@id":"https:\/\/www.mcafee.com\/learn\/de\/#\/schema\/logo\/image\/","url":"https:\/\/www.mcafee.com\/learn\/wp-content\/uploads\/2022\/12\/mcafeelogo.png","contentUrl":"https:\/\/www.mcafee.com\/learn\/wp-content\/uploads\/2022\/12\/mcafeelogo.png","width":193,"height":88,"caption":"McAfee"},"image":{"@id":"https:\/\/www.mcafee.com\/learn\/de\/#\/schema\/logo\/image\/"},"sameAs":["https:\/\/www.facebook.com\/McAfee\/","https:\/\/x.com\/mcafee_home","https:\/\/www.linkedin.com\/company\/mcafee\/","https:\/\/www.youtube.com\/user\/mcafee4consumers","https:\/\/en.wikipedia.org\/wiki\/McAfee"]}]}},"_links":{"self":[{"href":"https:\/\/www.mcafee.com\/learn\/de\/wp-json\/wp\/v2\/pages\/8829","targetHints":{"allow":["GET"]}}],"collection":[{"href":"https:\/\/www.mcafee.com\/learn\/de\/wp-json\/wp\/v2\/pages"}],"about":[{"href":"https:\/\/www.mcafee.com\/learn\/de\/wp-json\/wp\/v2\/types\/page"}],"author":[{"embeddable":true,"href":"https:\/\/www.mcafee.com\/learn\/de\/wp-json\/wp\/v2\/users\/2"}],"replies":[{"embeddable":true,"href":"https:\/\/www.mcafee.com\/learn\/de\/wp-json\/wp\/v2\/comments?post=8829"}],"version-history":[{"count":8,"href":"https:\/\/www.mcafee.com\/learn\/de\/wp-json\/wp\/v2\/pages\/8829\/revisions"}],"predecessor-version":[{"id":9471,"href":"https:\/\/www.mcafee.com\/learn\/de\/wp-json\/wp\/v2\/pages\/8829\/revisions\/9471"}],"wp:attachment":[{"href":"https:\/\/www.mcafee.com\/learn\/de\/wp-json\/wp\/v2\/media?parent=8829"}],"curies":[{"name":"wp","href":"https:\/\/api.w.org\/{rel}","templated":true}]}}