{"id":10410,"date":"2024-08-02T11:10:11","date_gmt":"2024-08-02T19:10:11","guid":{"rendered":"https:\/\/www.mcafee.com\/learn\/?page_id=10410"},"modified":"2024-09-30T14:08:24","modified_gmt":"2024-09-30T22:08:24","slug":"mcafee-business-protection","status":"publish","type":"page","link":"https:\/\/www.mcafee.com\/learn\/es-mx\/mcafee-business-protection\/","title":{"rendered":"McAfee Business Protection"},"content":{"rendered":"","protected":false},"excerpt":{"rendered":"","protected":false},"author":5,"featured_media":0,"parent":0,"menu_order":0,"comment_status":"closed","ping_status":"closed","template":"feature-page.php","meta":{"_acf_changed":false,"footnotes":""},"class_list":["post-10410","page","type-page","status-publish","hentry"],"acf":[],"yoast_head":"<!-- This site is optimized with the Yoast SEO plugin v25.4 - https:\/\/yoast.com\/wordpress\/plugins\/seo\/ -->\n<title>McAfee Business Protection - Seguridad todo en uno | McAfee<\/title>\n<meta name=\"description\" content=\"Conoce c\u00f3mo McAfee Business Protection ayuda a proteger tu empresa de hackers, malware, virus y mucho m\u00e1s con una \u00fanica soluci\u00f3n.\" \/>\n<meta name=\"robots\" content=\"index, follow, max-snippet:-1, max-image-preview:large, max-video-preview:-1\" \/>\n<link rel=\"canonical\" href=\"https:\/\/www.mcafee.com\/learn\/es-mx\/mcafee-business-protection\/\" \/>\n<meta property=\"og:locale\" content=\"es_MX\" \/>\n<meta property=\"og:type\" content=\"article\" \/>\n<meta property=\"og:title\" content=\"McAfee Business Protection - Seguridad todo en uno | McAfee\" \/>\n<meta property=\"og:description\" content=\"Conoce c\u00f3mo McAfee Business Protection ayuda a proteger tu empresa de hackers, malware, virus y mucho m\u00e1s con una \u00fanica soluci\u00f3n.\" \/>\n<meta property=\"og:url\" content=\"https:\/\/www.mcafee.com\/learn\/es-mx\/mcafee-business-protection\/\" \/>\n<meta property=\"og:site_name\" content=\"McAfee\" \/>\n<meta property=\"article:publisher\" content=\"https:\/\/www.facebook.com\/McAfee\/\" \/>\n<meta property=\"article:modified_time\" content=\"2024-09-30T22:08:24+00:00\" \/>\n<meta property=\"og:image\" content=\"https:\/\/www.mcafee.com\/learn\/wp-content\/uploads\/2022\/01\/what_is_identity_theft.jpg\" \/>\n\t<meta property=\"og:image:width\" content=\"1308\" \/>\n\t<meta property=\"og:image:height\" content=\"666\" \/>\n\t<meta property=\"og:image:type\" content=\"image\/jpeg\" \/>\n<meta name=\"twitter:card\" content=\"summary_large_image\" \/>\n<meta name=\"twitter:site\" content=\"@mcafee_home\" \/>\n<script type=\"application\/ld+json\" class=\"yoast-schema-graph\">{\"@context\":\"https:\/\/schema.org\",\"@graph\":[{\"@type\":\"WebPage\",\"@id\":\"https:\/\/www.mcafee.com\/learn\/es-mx\/mcafee-business-protection\/\",\"url\":\"https:\/\/www.mcafee.com\/learn\/es-mx\/mcafee-business-protection\/\",\"name\":\"McAfee Business Protection - Seguridad todo en uno | McAfee\",\"isPartOf\":{\"@id\":\"https:\/\/www.mcafee.com\/learn\/es-mx\/#website\"},\"datePublished\":\"2024-08-02T19:10:11+00:00\",\"dateModified\":\"2024-09-30T22:08:24+00:00\",\"description\":\"Conoce c\u00f3mo McAfee Business Protection ayuda a proteger tu empresa de hackers, malware, virus y mucho m\u00e1s con una \u00fanica soluci\u00f3n.\",\"breadcrumb\":{\"@id\":\"https:\/\/www.mcafee.com\/learn\/es-mx\/mcafee-business-protection\/#breadcrumb\"},\"inLanguage\":\"es-MX\",\"potentialAction\":[{\"@type\":\"ReadAction\",\"target\":[\"https:\/\/www.mcafee.com\/learn\/es-mx\/mcafee-business-protection\/\"]}]},{\"@type\":\"BreadcrumbList\",\"@id\":\"https:\/\/www.mcafee.com\/learn\/es-mx\/mcafee-business-protection\/#breadcrumb\",\"itemListElement\":[{\"@type\":\"ListItem\",\"position\":1,\"name\":\"Aprende con McAfee\",\"item\":\"https:\/\/www.mcafee.com\/learn\/es-mx\/\"},{\"@type\":\"ListItem\",\"position\":2,\"name\":\"McAfee Business Protection\"}]},{\"@type\":\"WebSite\",\"@id\":\"https:\/\/www.mcafee.com\/learn\/es-mx\/#website\",\"url\":\"https:\/\/www.mcafee.com\/learn\/es-mx\/\",\"name\":\"McAfee\",\"description\":\"\",\"publisher\":{\"@id\":\"https:\/\/www.mcafee.com\/learn\/es-mx\/#organization\"},\"potentialAction\":[{\"@type\":\"SearchAction\",\"target\":{\"@type\":\"EntryPoint\",\"urlTemplate\":\"https:\/\/www.mcafee.com\/learn\/es-mx\/?s={search_term_string}\"},\"query-input\":{\"@type\":\"PropertyValueSpecification\",\"valueRequired\":true,\"valueName\":\"search_term_string\"}}],\"inLanguage\":\"es-MX\"},{\"@type\":\"Organization\",\"@id\":\"https:\/\/www.mcafee.com\/learn\/es-mx\/#organization\",\"name\":\"McAfee\",\"url\":\"https:\/\/www.mcafee.com\/learn\/es-mx\/\",\"logo\":{\"@type\":\"ImageObject\",\"inLanguage\":\"es-MX\",\"@id\":\"https:\/\/www.mcafee.com\/learn\/es-mx\/#\/schema\/logo\/image\/\",\"url\":\"https:\/\/www.mcafee.com\/learn\/wp-content\/uploads\/2022\/12\/mcafeelogo.png\",\"contentUrl\":\"https:\/\/www.mcafee.com\/learn\/wp-content\/uploads\/2022\/12\/mcafeelogo.png\",\"width\":193,\"height\":88,\"caption\":\"McAfee\"},\"image\":{\"@id\":\"https:\/\/www.mcafee.com\/learn\/es-mx\/#\/schema\/logo\/image\/\"},\"sameAs\":[\"https:\/\/www.facebook.com\/McAfee\/\",\"https:\/\/x.com\/mcafee_home\",\"https:\/\/www.linkedin.com\/company\/mcafee\/\",\"https:\/\/www.youtube.com\/user\/mcafee4consumers\",\"https:\/\/en.wikipedia.org\/wiki\/McAfee\"]}]}<\/script>\n<!-- \/ Yoast SEO plugin. -->","yoast_head_json":{"title":"McAfee Business Protection - Seguridad todo en uno | McAfee","description":"Conoce c\u00f3mo McAfee Business Protection ayuda a proteger tu empresa de hackers, malware, virus y mucho m\u00e1s con una \u00fanica soluci\u00f3n.","robots":{"index":"index","follow":"follow","max-snippet":"max-snippet:-1","max-image-preview":"max-image-preview:large","max-video-preview":"max-video-preview:-1"},"canonical":"https:\/\/www.mcafee.com\/learn\/es-mx\/mcafee-business-protection\/","og_locale":"es_MX","og_type":"article","og_title":"McAfee Business Protection - Seguridad todo en uno | McAfee","og_description":"Conoce c\u00f3mo McAfee Business Protection ayuda a proteger tu empresa de hackers, malware, virus y mucho m\u00e1s con una \u00fanica soluci\u00f3n.","og_url":"https:\/\/www.mcafee.com\/learn\/es-mx\/mcafee-business-protection\/","og_site_name":"McAfee","article_publisher":"https:\/\/www.facebook.com\/McAfee\/","article_modified_time":"2024-09-30T22:08:24+00:00","og_image":[{"width":1308,"height":666,"url":"https:\/\/www.mcafee.com\/learn\/wp-content\/uploads\/2022\/01\/what_is_identity_theft.jpg","type":"image\/jpeg"}],"twitter_card":"summary_large_image","twitter_site":"@mcafee_home","schema":{"@context":"https:\/\/schema.org","@graph":[{"@type":"WebPage","@id":"https:\/\/www.mcafee.com\/learn\/es-mx\/mcafee-business-protection\/","url":"https:\/\/www.mcafee.com\/learn\/es-mx\/mcafee-business-protection\/","name":"McAfee Business Protection - Seguridad todo en uno | McAfee","isPartOf":{"@id":"https:\/\/www.mcafee.com\/learn\/es-mx\/#website"},"datePublished":"2024-08-02T19:10:11+00:00","dateModified":"2024-09-30T22:08:24+00:00","description":"Conoce c\u00f3mo McAfee Business Protection ayuda a proteger tu empresa de hackers, malware, virus y mucho m\u00e1s con una \u00fanica soluci\u00f3n.","breadcrumb":{"@id":"https:\/\/www.mcafee.com\/learn\/es-mx\/mcafee-business-protection\/#breadcrumb"},"inLanguage":"es-MX","potentialAction":[{"@type":"ReadAction","target":["https:\/\/www.mcafee.com\/learn\/es-mx\/mcafee-business-protection\/"]}]},{"@type":"BreadcrumbList","@id":"https:\/\/www.mcafee.com\/learn\/es-mx\/mcafee-business-protection\/#breadcrumb","itemListElement":[{"@type":"ListItem","position":1,"name":"Aprende con McAfee","item":"https:\/\/www.mcafee.com\/learn\/es-mx\/"},{"@type":"ListItem","position":2,"name":"McAfee Business Protection"}]},{"@type":"WebSite","@id":"https:\/\/www.mcafee.com\/learn\/es-mx\/#website","url":"https:\/\/www.mcafee.com\/learn\/es-mx\/","name":"McAfee","description":"","publisher":{"@id":"https:\/\/www.mcafee.com\/learn\/es-mx\/#organization"},"potentialAction":[{"@type":"SearchAction","target":{"@type":"EntryPoint","urlTemplate":"https:\/\/www.mcafee.com\/learn\/es-mx\/?s={search_term_string}"},"query-input":{"@type":"PropertyValueSpecification","valueRequired":true,"valueName":"search_term_string"}}],"inLanguage":"es-MX"},{"@type":"Organization","@id":"https:\/\/www.mcafee.com\/learn\/es-mx\/#organization","name":"McAfee","url":"https:\/\/www.mcafee.com\/learn\/es-mx\/","logo":{"@type":"ImageObject","inLanguage":"es-MX","@id":"https:\/\/www.mcafee.com\/learn\/es-mx\/#\/schema\/logo\/image\/","url":"https:\/\/www.mcafee.com\/learn\/wp-content\/uploads\/2022\/12\/mcafeelogo.png","contentUrl":"https:\/\/www.mcafee.com\/learn\/wp-content\/uploads\/2022\/12\/mcafeelogo.png","width":193,"height":88,"caption":"McAfee"},"image":{"@id":"https:\/\/www.mcafee.com\/learn\/es-mx\/#\/schema\/logo\/image\/"},"sameAs":["https:\/\/www.facebook.com\/McAfee\/","https:\/\/x.com\/mcafee_home","https:\/\/www.linkedin.com\/company\/mcafee\/","https:\/\/www.youtube.com\/user\/mcafee4consumers","https:\/\/en.wikipedia.org\/wiki\/McAfee"]}]}},"_links":{"self":[{"href":"https:\/\/www.mcafee.com\/learn\/es-mx\/wp-json\/wp\/v2\/pages\/10410","targetHints":{"allow":["GET"]}}],"collection":[{"href":"https:\/\/www.mcafee.com\/learn\/es-mx\/wp-json\/wp\/v2\/pages"}],"about":[{"href":"https:\/\/www.mcafee.com\/learn\/es-mx\/wp-json\/wp\/v2\/types\/page"}],"author":[{"embeddable":true,"href":"https:\/\/www.mcafee.com\/learn\/es-mx\/wp-json\/wp\/v2\/users\/5"}],"replies":[{"embeddable":true,"href":"https:\/\/www.mcafee.com\/learn\/es-mx\/wp-json\/wp\/v2\/comments?post=10410"}],"version-history":[{"count":1,"href":"https:\/\/www.mcafee.com\/learn\/es-mx\/wp-json\/wp\/v2\/pages\/10410\/revisions"}],"predecessor-version":[{"id":10411,"href":"https:\/\/www.mcafee.com\/learn\/es-mx\/wp-json\/wp\/v2\/pages\/10410\/revisions\/10411"}],"wp:attachment":[{"href":"https:\/\/www.mcafee.com\/learn\/es-mx\/wp-json\/wp\/v2\/media?parent=10410"}],"curies":[{"name":"wp","href":"https:\/\/api.w.org\/{rel}","templated":true}]}}