{"id":8652,"date":"2021-10-20T08:50:52","date_gmt":"2021-10-20T16:50:52","guid":{"rendered":"https:\/\/www.mcafee.com\/learn\/?page_id=8652"},"modified":"2024-04-18T06:18:44","modified_gmt":"2024-04-18T14:18:44","slug":"aprende-con-mcafee","status":"publish","type":"page","link":"https:\/\/www.mcafee.com\/learn\/es\/","title":{"rendered":"Aprende con McAfee"},"content":{"rendered":"<p>Descubre c\u00f3mo protegerte t\u00fa y a toda tu familia frente a las amenazas online con nuestra gu\u00eda de seguridad<\/p>\n","protected":false},"excerpt":{"rendered":"<p>Descubre c\u00f3mo protegerte t\u00fa y a toda tu familia frente a las amenazas online con nuestra gu\u00eda de seguridad<\/p>\n","protected":false},"author":2,"featured_media":0,"parent":0,"menu_order":0,"comment_status":"closed","ping_status":"closed","template":"","meta":{"_acf_changed":false,"footnotes":""},"class_list":["post-8652","page","type-page","status-publish","hentry"],"acf":[],"yoast_head":"<!-- This site is optimized with the Yoast SEO plugin v25.4 - https:\/\/yoast.com\/wordpress\/plugins\/seo\/ -->\n<title>Aprende con McAfee | Gu\u00eda de seguridad para la protecci\u00f3n frente amenazas online<\/title>\n<meta name=\"description\" content=\"Descubre c\u00f3mo protegerte t\u00fa y a toda tu familia frente a las amenazas online con nuestra gu\u00eda de seguridad &quot;Aprende con McAfee&quot;.\" \/>\n<meta name=\"robots\" content=\"index, follow, max-snippet:-1, max-image-preview:large, max-video-preview:-1\" \/>\n<link rel=\"canonical\" href=\"https:\/\/www.mcafee.com\/learn\/es\/\" \/>\n<meta property=\"og:locale\" content=\"es_ES\" \/>\n<meta property=\"og:type\" content=\"article\" \/>\n<meta property=\"og:title\" content=\"Aprende con McAfee | Gu\u00eda de seguridad para la protecci\u00f3n frente amenazas online\" \/>\n<meta property=\"og:description\" content=\"Descubre c\u00f3mo protegerte t\u00fa y a toda tu familia frente a las amenazas online con nuestra gu\u00eda de seguridad &quot;Aprende con McAfee&quot;.\" \/>\n<meta property=\"og:url\" content=\"https:\/\/www.mcafee.com\/learn\/es\/\" \/>\n<meta property=\"og:site_name\" content=\"McAfee\" \/>\n<meta property=\"article:publisher\" content=\"https:\/\/www.facebook.com\/McAfee\/\" \/>\n<meta property=\"article:modified_time\" content=\"2024-04-18T14:18:44+00:00\" \/>\n<meta property=\"og:image\" content=\"https:\/\/www.mcafee.com\/learn\/wp-content\/uploads\/2022\/01\/what_is_identity_theft.jpg\" \/>\n\t<meta property=\"og:image:width\" content=\"1308\" \/>\n\t<meta property=\"og:image:height\" content=\"666\" \/>\n\t<meta property=\"og:image:type\" content=\"image\/jpeg\" \/>\n<meta name=\"twitter:card\" content=\"summary_large_image\" \/>\n<meta name=\"twitter:title\" content=\"Aprende con McAfee | Gu\u00eda de seguridad para la protecci\u00f3n frente amenazas online\" \/>\n<meta name=\"twitter:description\" content=\"Descubre c\u00f3mo protegerte t\u00fa y a toda tu familia frente a las amenazas online con nuestra gu\u00eda de seguridad &quot;Aprende con McAfee&quot;.\" \/>\n<meta name=\"twitter:site\" content=\"@mcafee_home\" \/>\n<script type=\"application\/ld+json\" class=\"yoast-schema-graph\">{\"@context\":\"https:\/\/schema.org\",\"@graph\":[{\"@type\":\"WebPage\",\"@id\":\"https:\/\/www.mcafee.com\/learn\/es\/\",\"url\":\"https:\/\/www.mcafee.com\/learn\/es\/\",\"name\":\"Aprende con McAfee | Gu\u00eda de seguridad para la protecci\u00f3n frente amenazas online\",\"isPartOf\":{\"@id\":\"https:\/\/www.mcafee.com\/learn\/es\/#website\"},\"datePublished\":\"2021-10-20T16:50:52+00:00\",\"dateModified\":\"2024-04-18T14:18:44+00:00\",\"description\":\"Descubre c\u00f3mo protegerte t\u00fa y a toda tu familia frente a las amenazas online con nuestra gu\u00eda de seguridad \\\"Aprende con McAfee\\\".\",\"breadcrumb\":{\"@id\":\"https:\/\/www.mcafee.com\/learn\/es\/#breadcrumb\"},\"inLanguage\":\"es-ES\",\"potentialAction\":[{\"@type\":\"ReadAction\",\"target\":[\"https:\/\/www.mcafee.com\/learn\/es\/\"]}]},{\"@type\":\"BreadcrumbList\",\"@id\":\"https:\/\/www.mcafee.com\/learn\/es\/#breadcrumb\",\"itemListElement\":[{\"@type\":\"ListItem\",\"position\":1,\"name\":\"Aprende con McAfee\",\"item\":\"https:\/\/www.mcafee.com\/learn\/es\/\"},{\"@type\":\"ListItem\",\"position\":2,\"name\":\"Aprende con McAfee\"}]},{\"@type\":\"WebSite\",\"@id\":\"https:\/\/www.mcafee.com\/learn\/es\/#website\",\"url\":\"https:\/\/www.mcafee.com\/learn\/es\/\",\"name\":\"McAfee\",\"description\":\"\",\"publisher\":{\"@id\":\"https:\/\/www.mcafee.com\/learn\/es\/#organization\"},\"potentialAction\":[{\"@type\":\"SearchAction\",\"target\":{\"@type\":\"EntryPoint\",\"urlTemplate\":\"https:\/\/www.mcafee.com\/learn\/es\/?s={search_term_string}\"},\"query-input\":{\"@type\":\"PropertyValueSpecification\",\"valueRequired\":true,\"valueName\":\"search_term_string\"}}],\"inLanguage\":\"es-ES\"},{\"@type\":\"Organization\",\"@id\":\"https:\/\/www.mcafee.com\/learn\/es\/#organization\",\"name\":\"McAfee\",\"url\":\"https:\/\/www.mcafee.com\/learn\/es\/\",\"logo\":{\"@type\":\"ImageObject\",\"inLanguage\":\"es-ES\",\"@id\":\"https:\/\/www.mcafee.com\/learn\/es\/#\/schema\/logo\/image\/\",\"url\":\"https:\/\/www.mcafee.com\/learn\/wp-content\/uploads\/2022\/12\/mcafeelogo.png\",\"contentUrl\":\"https:\/\/www.mcafee.com\/learn\/wp-content\/uploads\/2022\/12\/mcafeelogo.png\",\"width\":193,\"height\":88,\"caption\":\"McAfee\"},\"image\":{\"@id\":\"https:\/\/www.mcafee.com\/learn\/es\/#\/schema\/logo\/image\/\"},\"sameAs\":[\"https:\/\/www.facebook.com\/McAfee\/\",\"https:\/\/x.com\/mcafee_home\",\"https:\/\/www.linkedin.com\/company\/mcafee\/\",\"https:\/\/www.youtube.com\/user\/mcafee4consumers\",\"https:\/\/en.wikipedia.org\/wiki\/McAfee\"]}]}<\/script>\n<!-- \/ Yoast SEO plugin. -->","yoast_head_json":{"title":"Aprende con McAfee | Gu\u00eda de seguridad para la protecci\u00f3n frente amenazas online","description":"Descubre c\u00f3mo protegerte t\u00fa y a toda tu familia frente a las amenazas online con nuestra gu\u00eda de seguridad \"Aprende con McAfee\".","robots":{"index":"index","follow":"follow","max-snippet":"max-snippet:-1","max-image-preview":"max-image-preview:large","max-video-preview":"max-video-preview:-1"},"canonical":"https:\/\/www.mcafee.com\/learn\/es\/","og_locale":"es_ES","og_type":"article","og_title":"Aprende con McAfee | Gu\u00eda de seguridad para la protecci\u00f3n frente amenazas online","og_description":"Descubre c\u00f3mo protegerte t\u00fa y a toda tu familia frente a las amenazas online con nuestra gu\u00eda de seguridad \"Aprende con McAfee\".","og_url":"https:\/\/www.mcafee.com\/learn\/es\/","og_site_name":"McAfee","article_publisher":"https:\/\/www.facebook.com\/McAfee\/","article_modified_time":"2024-04-18T14:18:44+00:00","og_image":[{"width":1308,"height":666,"url":"https:\/\/www.mcafee.com\/learn\/wp-content\/uploads\/2022\/01\/what_is_identity_theft.jpg","type":"image\/jpeg"}],"twitter_card":"summary_large_image","twitter_title":"Aprende con McAfee | Gu\u00eda de seguridad para la protecci\u00f3n frente amenazas online","twitter_description":"Descubre c\u00f3mo protegerte t\u00fa y a toda tu familia frente a las amenazas online con nuestra gu\u00eda de seguridad \"Aprende con McAfee\".","twitter_site":"@mcafee_home","schema":{"@context":"https:\/\/schema.org","@graph":[{"@type":"WebPage","@id":"https:\/\/www.mcafee.com\/learn\/es\/","url":"https:\/\/www.mcafee.com\/learn\/es\/","name":"Aprende con McAfee | Gu\u00eda de seguridad para la protecci\u00f3n frente amenazas online","isPartOf":{"@id":"https:\/\/www.mcafee.com\/learn\/es\/#website"},"datePublished":"2021-10-20T16:50:52+00:00","dateModified":"2024-04-18T14:18:44+00:00","description":"Descubre c\u00f3mo protegerte t\u00fa y a toda tu familia frente a las amenazas online con nuestra gu\u00eda de seguridad \"Aprende con McAfee\".","breadcrumb":{"@id":"https:\/\/www.mcafee.com\/learn\/es\/#breadcrumb"},"inLanguage":"es-ES","potentialAction":[{"@type":"ReadAction","target":["https:\/\/www.mcafee.com\/learn\/es\/"]}]},{"@type":"BreadcrumbList","@id":"https:\/\/www.mcafee.com\/learn\/es\/#breadcrumb","itemListElement":[{"@type":"ListItem","position":1,"name":"Aprende con McAfee","item":"https:\/\/www.mcafee.com\/learn\/es\/"},{"@type":"ListItem","position":2,"name":"Aprende con McAfee"}]},{"@type":"WebSite","@id":"https:\/\/www.mcafee.com\/learn\/es\/#website","url":"https:\/\/www.mcafee.com\/learn\/es\/","name":"McAfee","description":"","publisher":{"@id":"https:\/\/www.mcafee.com\/learn\/es\/#organization"},"potentialAction":[{"@type":"SearchAction","target":{"@type":"EntryPoint","urlTemplate":"https:\/\/www.mcafee.com\/learn\/es\/?s={search_term_string}"},"query-input":{"@type":"PropertyValueSpecification","valueRequired":true,"valueName":"search_term_string"}}],"inLanguage":"es-ES"},{"@type":"Organization","@id":"https:\/\/www.mcafee.com\/learn\/es\/#organization","name":"McAfee","url":"https:\/\/www.mcafee.com\/learn\/es\/","logo":{"@type":"ImageObject","inLanguage":"es-ES","@id":"https:\/\/www.mcafee.com\/learn\/es\/#\/schema\/logo\/image\/","url":"https:\/\/www.mcafee.com\/learn\/wp-content\/uploads\/2022\/12\/mcafeelogo.png","contentUrl":"https:\/\/www.mcafee.com\/learn\/wp-content\/uploads\/2022\/12\/mcafeelogo.png","width":193,"height":88,"caption":"McAfee"},"image":{"@id":"https:\/\/www.mcafee.com\/learn\/es\/#\/schema\/logo\/image\/"},"sameAs":["https:\/\/www.facebook.com\/McAfee\/","https:\/\/x.com\/mcafee_home","https:\/\/www.linkedin.com\/company\/mcafee\/","https:\/\/www.youtube.com\/user\/mcafee4consumers","https:\/\/en.wikipedia.org\/wiki\/McAfee"]}]}},"_links":{"self":[{"href":"https:\/\/www.mcafee.com\/learn\/es\/wp-json\/wp\/v2\/pages\/8652","targetHints":{"allow":["GET"]}}],"collection":[{"href":"https:\/\/www.mcafee.com\/learn\/es\/wp-json\/wp\/v2\/pages"}],"about":[{"href":"https:\/\/www.mcafee.com\/learn\/es\/wp-json\/wp\/v2\/types\/page"}],"author":[{"embeddable":true,"href":"https:\/\/www.mcafee.com\/learn\/es\/wp-json\/wp\/v2\/users\/2"}],"replies":[{"embeddable":true,"href":"https:\/\/www.mcafee.com\/learn\/es\/wp-json\/wp\/v2\/comments?post=8652"}],"version-history":[{"count":4,"href":"https:\/\/www.mcafee.com\/learn\/es\/wp-json\/wp\/v2\/pages\/8652\/revisions"}],"predecessor-version":[{"id":8689,"href":"https:\/\/www.mcafee.com\/learn\/es\/wp-json\/wp\/v2\/pages\/8652\/revisions\/8689"}],"wp:attachment":[{"href":"https:\/\/www.mcafee.com\/learn\/es\/wp-json\/wp\/v2\/media?parent=8652"}],"curies":[{"name":"wp","href":"https:\/\/api.w.org\/{rel}","templated":true}]}}