{"id":8666,"date":"2021-10-20T08:50:52","date_gmt":"2021-10-20T16:50:52","guid":{"rendered":"https:\/\/www.mcafee.com\/learn\/?page_id=8666"},"modified":"2024-05-02T15:21:04","modified_gmt":"2024-05-02T23:21:04","slug":"apprendre-avec-mcafee","status":"publish","type":"page","link":"https:\/\/www.mcafee.com\/learn\/fr-ca\/","title":{"rendered":"Apprendre avec McAfee"},"content":{"rendered":"<p>Apprenez \u00e0 prot\u00e9ger toute votre famille et renseignez-vous sur les menaces en ligne gr\u00e2ce \u00e0 notre guide de s\u00e9curit\u00e9.<\/p>\n","protected":false},"excerpt":{"rendered":"<p>Apprenez \u00e0 prot\u00e9ger toute votre famille et renseignez-vous sur les menaces en ligne gr\u00e2ce \u00e0 notre guide de s\u00e9curit\u00e9.<\/p>\n","protected":false},"author":2,"featured_media":0,"parent":0,"menu_order":0,"comment_status":"closed","ping_status":"closed","template":"","meta":{"_acf_changed":false,"footnotes":""},"class_list":["post-8666","page","type-page","status-publish","hentry"],"acf":[],"yoast_head":"<!-- This site is optimized with the Yoast SEO plugin v25.4 - https:\/\/yoast.com\/wordpress\/plugins\/seo\/ -->\n<title>Apprendre avec McAfee | Guide de s\u00e9curit\u00e9 pour la protection contre les menaces en ligne<\/title>\n<meta name=\"description\" content=\"Apprenez \u00e0 vous prot\u00e9ger vous et toute votre famille contre les menaces en ligne gr\u00e2ce \u00e0 notre guide de s\u00e9curit\u00e9 \u00ab\u00a0Apprendre avec McAfee\u00a0\u00bb.\" \/>\n<meta name=\"robots\" content=\"index, follow, max-snippet:-1, max-image-preview:large, max-video-preview:-1\" \/>\n<link rel=\"canonical\" href=\"https:\/\/www.mcafee.com\/learn\/fr-ca\/\" \/>\n<meta property=\"og:locale\" content=\"fr_CA\" \/>\n<meta property=\"og:type\" content=\"article\" \/>\n<meta property=\"og:title\" content=\"Apprendre avec McAfee | Votre guide de s\u00e9curit\u00e9 pour la protection contre les menaces en ligne\" \/>\n<meta property=\"og:description\" content=\"Apprenez \u00e0 vous prot\u00e9ger vous et toute votre famille contre les menaces en ligne gr\u00e2ce \u00e0 notre guide de s\u00e9curit\u00e9 \u00ab\u00a0Apprendre avec McAfee\u00a0\u00bb.\" \/>\n<meta property=\"og:url\" content=\"https:\/\/www.mcafee.com\/learn\/fr-ca\/\" \/>\n<meta property=\"og:site_name\" content=\"McAfee\" \/>\n<meta property=\"article:publisher\" content=\"https:\/\/www.facebook.com\/McAfee\/\" \/>\n<meta property=\"article:modified_time\" content=\"2024-05-02T23:21:04+00:00\" \/>\n<meta property=\"og:image\" content=\"https:\/\/www.mcafee.com\/learn\/wp-content\/uploads\/2022\/01\/what_is_identity_theft.jpg\" \/>\n\t<meta property=\"og:image:width\" content=\"1308\" \/>\n\t<meta property=\"og:image:height\" content=\"666\" \/>\n\t<meta property=\"og:image:type\" content=\"image\/jpeg\" \/>\n<meta name=\"twitter:card\" content=\"summary_large_image\" \/>\n<meta name=\"twitter:title\" content=\"Apprendre avec McAfee | Votre guide de s\u00e9curit\u00e9 pour la protection contre les menaces en ligne\" \/>\n<meta name=\"twitter:description\" content=\"Apprenez \u00e0 vous prot\u00e9ger vous et toute votre famille contre les menaces en ligne gr\u00e2ce \u00e0 notre guide de s\u00e9curit\u00e9 \u00ab\u00a0Apprendre avec McAfee\u00a0\u00bb.\" \/>\n<meta name=\"twitter:site\" content=\"@mcafee_home\" \/>\n<script type=\"application\/ld+json\" class=\"yoast-schema-graph\">{\"@context\":\"https:\/\/schema.org\",\"@graph\":[{\"@type\":\"WebPage\",\"@id\":\"https:\/\/www.mcafee.com\/learn\/fr-ca\/\",\"url\":\"https:\/\/www.mcafee.com\/learn\/fr-ca\/\",\"name\":\"Apprendre avec McAfee | Guide de s\u00e9curit\u00e9 pour la protection contre les menaces en ligne\",\"isPartOf\":{\"@id\":\"https:\/\/www.mcafee.com\/learn\/fr-ca\/#website\"},\"datePublished\":\"2021-10-20T16:50:52+00:00\",\"dateModified\":\"2024-05-02T23:21:04+00:00\",\"description\":\"Apprenez \u00e0 vous prot\u00e9ger vous et toute votre famille contre les menaces en ligne gr\u00e2ce \u00e0 notre guide de s\u00e9curit\u00e9 \u00ab\u00a0Apprendre avec McAfee\u00a0\u00bb.\",\"breadcrumb\":{\"@id\":\"https:\/\/www.mcafee.com\/learn\/fr-ca\/#breadcrumb\"},\"inLanguage\":\"fr-CA\",\"potentialAction\":[{\"@type\":\"ReadAction\",\"target\":[\"https:\/\/www.mcafee.com\/learn\/fr-ca\/\"]}]},{\"@type\":\"BreadcrumbList\",\"@id\":\"https:\/\/www.mcafee.com\/learn\/fr-ca\/#breadcrumb\",\"itemListElement\":[{\"@type\":\"ListItem\",\"position\":1,\"name\":\"Apprendre avec McAfee\",\"item\":\"https:\/\/www.mcafee.com\/learn\/fr-ca\/\"},{\"@type\":\"ListItem\",\"position\":2,\"name\":\"Apprendre avec McAfee\"}]},{\"@type\":\"WebSite\",\"@id\":\"https:\/\/www.mcafee.com\/learn\/fr-ca\/#website\",\"url\":\"https:\/\/www.mcafee.com\/learn\/fr-ca\/\",\"name\":\"McAfee\",\"description\":\"\",\"publisher\":{\"@id\":\"https:\/\/www.mcafee.com\/learn\/fr-ca\/#organization\"},\"potentialAction\":[{\"@type\":\"SearchAction\",\"target\":{\"@type\":\"EntryPoint\",\"urlTemplate\":\"https:\/\/www.mcafee.com\/learn\/fr-ca\/?s={search_term_string}\"},\"query-input\":{\"@type\":\"PropertyValueSpecification\",\"valueRequired\":true,\"valueName\":\"search_term_string\"}}],\"inLanguage\":\"fr-CA\"},{\"@type\":\"Organization\",\"@id\":\"https:\/\/www.mcafee.com\/learn\/fr-ca\/#organization\",\"name\":\"McAfee\",\"url\":\"https:\/\/www.mcafee.com\/learn\/fr-ca\/\",\"logo\":{\"@type\":\"ImageObject\",\"inLanguage\":\"fr-CA\",\"@id\":\"https:\/\/www.mcafee.com\/learn\/fr-ca\/#\/schema\/logo\/image\/\",\"url\":\"https:\/\/www.mcafee.com\/learn\/wp-content\/uploads\/2022\/12\/mcafeelogo.png\",\"contentUrl\":\"https:\/\/www.mcafee.com\/learn\/wp-content\/uploads\/2022\/12\/mcafeelogo.png\",\"width\":193,\"height\":88,\"caption\":\"McAfee\"},\"image\":{\"@id\":\"https:\/\/www.mcafee.com\/learn\/fr-ca\/#\/schema\/logo\/image\/\"},\"sameAs\":[\"https:\/\/www.facebook.com\/McAfee\/\",\"https:\/\/x.com\/mcafee_home\",\"https:\/\/www.linkedin.com\/company\/mcafee\/\",\"https:\/\/www.youtube.com\/user\/mcafee4consumers\",\"https:\/\/en.wikipedia.org\/wiki\/McAfee\"]}]}<\/script>\n<!-- \/ Yoast SEO plugin. -->","yoast_head_json":{"title":"Apprendre avec McAfee | Guide de s\u00e9curit\u00e9 pour la protection contre les menaces en ligne","description":"Apprenez \u00e0 vous prot\u00e9ger vous et toute votre famille contre les menaces en ligne gr\u00e2ce \u00e0 notre guide de s\u00e9curit\u00e9 \u00ab\u00a0Apprendre avec McAfee\u00a0\u00bb.","robots":{"index":"index","follow":"follow","max-snippet":"max-snippet:-1","max-image-preview":"max-image-preview:large","max-video-preview":"max-video-preview:-1"},"canonical":"https:\/\/www.mcafee.com\/learn\/fr-ca\/","og_locale":"fr_CA","og_type":"article","og_title":"Apprendre avec McAfee | Votre guide de s\u00e9curit\u00e9 pour la protection contre les menaces en ligne","og_description":"Apprenez \u00e0 vous prot\u00e9ger vous et toute votre famille contre les menaces en ligne gr\u00e2ce \u00e0 notre guide de s\u00e9curit\u00e9 \u00ab\u00a0Apprendre avec McAfee\u00a0\u00bb.","og_url":"https:\/\/www.mcafee.com\/learn\/fr-ca\/","og_site_name":"McAfee","article_publisher":"https:\/\/www.facebook.com\/McAfee\/","article_modified_time":"2024-05-02T23:21:04+00:00","og_image":[{"width":1308,"height":666,"url":"https:\/\/www.mcafee.com\/learn\/wp-content\/uploads\/2022\/01\/what_is_identity_theft.jpg","type":"image\/jpeg"}],"twitter_card":"summary_large_image","twitter_title":"Apprendre avec McAfee | Votre guide de s\u00e9curit\u00e9 pour la protection contre les menaces en ligne","twitter_description":"Apprenez \u00e0 vous prot\u00e9ger vous et toute votre famille contre les menaces en ligne gr\u00e2ce \u00e0 notre guide de s\u00e9curit\u00e9 \u00ab\u00a0Apprendre avec McAfee\u00a0\u00bb.","twitter_site":"@mcafee_home","schema":{"@context":"https:\/\/schema.org","@graph":[{"@type":"WebPage","@id":"https:\/\/www.mcafee.com\/learn\/fr-ca\/","url":"https:\/\/www.mcafee.com\/learn\/fr-ca\/","name":"Apprendre avec McAfee | Guide de s\u00e9curit\u00e9 pour la protection contre les menaces en ligne","isPartOf":{"@id":"https:\/\/www.mcafee.com\/learn\/fr-ca\/#website"},"datePublished":"2021-10-20T16:50:52+00:00","dateModified":"2024-05-02T23:21:04+00:00","description":"Apprenez \u00e0 vous prot\u00e9ger vous et toute votre famille contre les menaces en ligne gr\u00e2ce \u00e0 notre guide de s\u00e9curit\u00e9 \u00ab\u00a0Apprendre avec McAfee\u00a0\u00bb.","breadcrumb":{"@id":"https:\/\/www.mcafee.com\/learn\/fr-ca\/#breadcrumb"},"inLanguage":"fr-CA","potentialAction":[{"@type":"ReadAction","target":["https:\/\/www.mcafee.com\/learn\/fr-ca\/"]}]},{"@type":"BreadcrumbList","@id":"https:\/\/www.mcafee.com\/learn\/fr-ca\/#breadcrumb","itemListElement":[{"@type":"ListItem","position":1,"name":"Apprendre avec McAfee","item":"https:\/\/www.mcafee.com\/learn\/fr-ca\/"},{"@type":"ListItem","position":2,"name":"Apprendre avec McAfee"}]},{"@type":"WebSite","@id":"https:\/\/www.mcafee.com\/learn\/fr-ca\/#website","url":"https:\/\/www.mcafee.com\/learn\/fr-ca\/","name":"McAfee","description":"","publisher":{"@id":"https:\/\/www.mcafee.com\/learn\/fr-ca\/#organization"},"potentialAction":[{"@type":"SearchAction","target":{"@type":"EntryPoint","urlTemplate":"https:\/\/www.mcafee.com\/learn\/fr-ca\/?s={search_term_string}"},"query-input":{"@type":"PropertyValueSpecification","valueRequired":true,"valueName":"search_term_string"}}],"inLanguage":"fr-CA"},{"@type":"Organization","@id":"https:\/\/www.mcafee.com\/learn\/fr-ca\/#organization","name":"McAfee","url":"https:\/\/www.mcafee.com\/learn\/fr-ca\/","logo":{"@type":"ImageObject","inLanguage":"fr-CA","@id":"https:\/\/www.mcafee.com\/learn\/fr-ca\/#\/schema\/logo\/image\/","url":"https:\/\/www.mcafee.com\/learn\/wp-content\/uploads\/2022\/12\/mcafeelogo.png","contentUrl":"https:\/\/www.mcafee.com\/learn\/wp-content\/uploads\/2022\/12\/mcafeelogo.png","width":193,"height":88,"caption":"McAfee"},"image":{"@id":"https:\/\/www.mcafee.com\/learn\/fr-ca\/#\/schema\/logo\/image\/"},"sameAs":["https:\/\/www.facebook.com\/McAfee\/","https:\/\/x.com\/mcafee_home","https:\/\/www.linkedin.com\/company\/mcafee\/","https:\/\/www.youtube.com\/user\/mcafee4consumers","https:\/\/en.wikipedia.org\/wiki\/McAfee"]}]}},"_links":{"self":[{"href":"https:\/\/www.mcafee.com\/learn\/fr-ca\/wp-json\/wp\/v2\/pages\/8666","targetHints":{"allow":["GET"]}}],"collection":[{"href":"https:\/\/www.mcafee.com\/learn\/fr-ca\/wp-json\/wp\/v2\/pages"}],"about":[{"href":"https:\/\/www.mcafee.com\/learn\/fr-ca\/wp-json\/wp\/v2\/types\/page"}],"author":[{"embeddable":true,"href":"https:\/\/www.mcafee.com\/learn\/fr-ca\/wp-json\/wp\/v2\/users\/2"}],"replies":[{"embeddable":true,"href":"https:\/\/www.mcafee.com\/learn\/fr-ca\/wp-json\/wp\/v2\/comments?post=8666"}],"version-history":[{"count":4,"href":"https:\/\/www.mcafee.com\/learn\/fr-ca\/wp-json\/wp\/v2\/pages\/8666\/revisions"}],"predecessor-version":[{"id":8865,"href":"https:\/\/www.mcafee.com\/learn\/fr-ca\/wp-json\/wp\/v2\/pages\/8666\/revisions\/8865"}],"wp:attachment":[{"href":"https:\/\/www.mcafee.com\/learn\/fr-ca\/wp-json\/wp\/v2\/media?parent=8666"}],"curies":[{"name":"wp","href":"https:\/\/api.w.org\/{rel}","templated":true}]}}