{"id":8812,"date":"2022-06-27T11:56:31","date_gmt":"2022-06-27T19:56:31","guid":{"rendered":"https:\/\/www.mcafee.com\/learn\/personal-data-cleanup\/"},"modified":"2024-05-29T01:44:48","modified_gmt":"2024-05-29T09:44:48","slug":"nettoyage-des-donnees-personnelles","status":"publish","type":"page","link":"https:\/\/www.mcafee.com\/learn\/fr-ca\/nettoyage-des-donnees-personnelles\/","title":{"rendered":"Nettoyage des donn\u00e9es personnelles \u2013 Supprimez vos renseignements personnels d&#8217;Internet"},"content":{"rendered":"","protected":false},"excerpt":{"rendered":"","protected":false},"author":2,"featured_media":0,"parent":0,"menu_order":0,"comment_status":"closed","ping_status":"closed","template":"feature-page.php","meta":{"_acf_changed":false,"footnotes":""},"class_list":["post-8812","page","type-page","status-publish","hentry"],"acf":[],"yoast_head":"<!-- This site is optimized with the Yoast SEO plugin v25.4 - https:\/\/yoast.com\/wordpress\/plugins\/seo\/ -->\n<title>Nettoyage des donn\u00e9es personnelles<\/title>\n<meta name=\"description\" content=\"Supprimez vos renseignements personnels des sites de courtiers en donn\u00e9es et analysez le Web en continu \u00e0 la recherche de nouvelles donn\u00e9es.\" \/>\n<meta name=\"robots\" content=\"index, follow, max-snippet:-1, max-image-preview:large, max-video-preview:-1\" \/>\n<link rel=\"canonical\" href=\"https:\/\/www.mcafee.com\/learn\/fr-ca\/nettoyage-des-donnees-personnelles\/\" \/>\n<meta property=\"og:locale\" content=\"fr_CA\" \/>\n<meta property=\"og:type\" content=\"article\" \/>\n<meta property=\"og:title\" content=\"Nettoyage des donn\u00e9es personnelles\" \/>\n<meta property=\"og:description\" content=\"Supprimez vos renseignements personnels des sites de courtiers en donn\u00e9es et analysez le Web en continu \u00e0 la recherche de nouvelles donn\u00e9es.\" \/>\n<meta property=\"og:url\" content=\"https:\/\/www.mcafee.com\/learn\/fr-ca\/nettoyage-des-donnees-personnelles\/\" \/>\n<meta property=\"og:site_name\" content=\"McAfee\" \/>\n<meta property=\"article:publisher\" content=\"https:\/\/www.facebook.com\/McAfee\/\" \/>\n<meta property=\"article:modified_time\" content=\"2024-05-29T09:44:48+00:00\" \/>\n<meta property=\"og:image\" content=\"https:\/\/www.mcafee.com\/learn\/wp-content\/uploads\/2022\/01\/what_is_identity_theft.jpg\" \/>\n\t<meta property=\"og:image:width\" content=\"1308\" \/>\n\t<meta property=\"og:image:height\" content=\"666\" \/>\n\t<meta property=\"og:image:type\" content=\"image\/jpeg\" \/>\n<meta name=\"twitter:card\" content=\"summary_large_image\" \/>\n<meta name=\"twitter:site\" content=\"@mcafee_home\" \/>\n<script type=\"application\/ld+json\" class=\"yoast-schema-graph\">{\"@context\":\"https:\/\/schema.org\",\"@graph\":[{\"@type\":\"WebPage\",\"@id\":\"https:\/\/www.mcafee.com\/learn\/fr-ca\/nettoyage-des-donnees-personnelles\/\",\"url\":\"https:\/\/www.mcafee.com\/learn\/fr-ca\/nettoyage-des-donnees-personnelles\/\",\"name\":\"Nettoyage des donn\u00e9es personnelles\",\"isPartOf\":{\"@id\":\"https:\/\/www.mcafee.com\/learn\/fr-ca\/#website\"},\"datePublished\":\"2022-06-27T19:56:31+00:00\",\"dateModified\":\"2024-05-29T09:44:48+00:00\",\"description\":\"Supprimez vos renseignements personnels des sites de courtiers en donn\u00e9es et analysez le Web en continu \u00e0 la recherche de nouvelles donn\u00e9es.\",\"breadcrumb\":{\"@id\":\"https:\/\/www.mcafee.com\/learn\/fr-ca\/nettoyage-des-donnees-personnelles\/#breadcrumb\"},\"inLanguage\":\"fr-CA\",\"potentialAction\":[{\"@type\":\"ReadAction\",\"target\":[\"https:\/\/www.mcafee.com\/learn\/fr-ca\/nettoyage-des-donnees-personnelles\/\"]}]},{\"@type\":\"BreadcrumbList\",\"@id\":\"https:\/\/www.mcafee.com\/learn\/fr-ca\/nettoyage-des-donnees-personnelles\/#breadcrumb\",\"itemListElement\":[{\"@type\":\"ListItem\",\"position\":1,\"name\":\"Apprendre avec McAfee\",\"item\":\"https:\/\/www.mcafee.com\/learn\/fr-ca\/\"},{\"@type\":\"ListItem\",\"position\":2,\"name\":\"Nettoyage des donn\u00e9es personnelles \u2013 Supprimez vos renseignements personnels d&#8217;Internet\"}]},{\"@type\":\"WebSite\",\"@id\":\"https:\/\/www.mcafee.com\/learn\/fr-ca\/#website\",\"url\":\"https:\/\/www.mcafee.com\/learn\/fr-ca\/\",\"name\":\"McAfee\",\"description\":\"\",\"publisher\":{\"@id\":\"https:\/\/www.mcafee.com\/learn\/fr-ca\/#organization\"},\"potentialAction\":[{\"@type\":\"SearchAction\",\"target\":{\"@type\":\"EntryPoint\",\"urlTemplate\":\"https:\/\/www.mcafee.com\/learn\/fr-ca\/?s={search_term_string}\"},\"query-input\":{\"@type\":\"PropertyValueSpecification\",\"valueRequired\":true,\"valueName\":\"search_term_string\"}}],\"inLanguage\":\"fr-CA\"},{\"@type\":\"Organization\",\"@id\":\"https:\/\/www.mcafee.com\/learn\/fr-ca\/#organization\",\"name\":\"McAfee\",\"url\":\"https:\/\/www.mcafee.com\/learn\/fr-ca\/\",\"logo\":{\"@type\":\"ImageObject\",\"inLanguage\":\"fr-CA\",\"@id\":\"https:\/\/www.mcafee.com\/learn\/fr-ca\/#\/schema\/logo\/image\/\",\"url\":\"https:\/\/www.mcafee.com\/learn\/wp-content\/uploads\/2022\/12\/mcafeelogo.png\",\"contentUrl\":\"https:\/\/www.mcafee.com\/learn\/wp-content\/uploads\/2022\/12\/mcafeelogo.png\",\"width\":193,\"height\":88,\"caption\":\"McAfee\"},\"image\":{\"@id\":\"https:\/\/www.mcafee.com\/learn\/fr-ca\/#\/schema\/logo\/image\/\"},\"sameAs\":[\"https:\/\/www.facebook.com\/McAfee\/\",\"https:\/\/x.com\/mcafee_home\",\"https:\/\/www.linkedin.com\/company\/mcafee\/\",\"https:\/\/www.youtube.com\/user\/mcafee4consumers\",\"https:\/\/en.wikipedia.org\/wiki\/McAfee\"]}]}<\/script>\n<!-- \/ Yoast SEO plugin. -->","yoast_head_json":{"title":"Nettoyage des donn\u00e9es personnelles","description":"Supprimez vos renseignements personnels des sites de courtiers en donn\u00e9es et analysez le Web en continu \u00e0 la recherche de nouvelles donn\u00e9es.","robots":{"index":"index","follow":"follow","max-snippet":"max-snippet:-1","max-image-preview":"max-image-preview:large","max-video-preview":"max-video-preview:-1"},"canonical":"https:\/\/www.mcafee.com\/learn\/fr-ca\/nettoyage-des-donnees-personnelles\/","og_locale":"fr_CA","og_type":"article","og_title":"Nettoyage des donn\u00e9es personnelles","og_description":"Supprimez vos renseignements personnels des sites de courtiers en donn\u00e9es et analysez le Web en continu \u00e0 la recherche de nouvelles donn\u00e9es.","og_url":"https:\/\/www.mcafee.com\/learn\/fr-ca\/nettoyage-des-donnees-personnelles\/","og_site_name":"McAfee","article_publisher":"https:\/\/www.facebook.com\/McAfee\/","article_modified_time":"2024-05-29T09:44:48+00:00","og_image":[{"width":1308,"height":666,"url":"https:\/\/www.mcafee.com\/learn\/wp-content\/uploads\/2022\/01\/what_is_identity_theft.jpg","type":"image\/jpeg"}],"twitter_card":"summary_large_image","twitter_site":"@mcafee_home","schema":{"@context":"https:\/\/schema.org","@graph":[{"@type":"WebPage","@id":"https:\/\/www.mcafee.com\/learn\/fr-ca\/nettoyage-des-donnees-personnelles\/","url":"https:\/\/www.mcafee.com\/learn\/fr-ca\/nettoyage-des-donnees-personnelles\/","name":"Nettoyage des donn\u00e9es personnelles","isPartOf":{"@id":"https:\/\/www.mcafee.com\/learn\/fr-ca\/#website"},"datePublished":"2022-06-27T19:56:31+00:00","dateModified":"2024-05-29T09:44:48+00:00","description":"Supprimez vos renseignements personnels des sites de courtiers en donn\u00e9es et analysez le Web en continu \u00e0 la recherche de nouvelles donn\u00e9es.","breadcrumb":{"@id":"https:\/\/www.mcafee.com\/learn\/fr-ca\/nettoyage-des-donnees-personnelles\/#breadcrumb"},"inLanguage":"fr-CA","potentialAction":[{"@type":"ReadAction","target":["https:\/\/www.mcafee.com\/learn\/fr-ca\/nettoyage-des-donnees-personnelles\/"]}]},{"@type":"BreadcrumbList","@id":"https:\/\/www.mcafee.com\/learn\/fr-ca\/nettoyage-des-donnees-personnelles\/#breadcrumb","itemListElement":[{"@type":"ListItem","position":1,"name":"Apprendre avec McAfee","item":"https:\/\/www.mcafee.com\/learn\/fr-ca\/"},{"@type":"ListItem","position":2,"name":"Nettoyage des donn\u00e9es personnelles \u2013 Supprimez vos renseignements personnels d&#8217;Internet"}]},{"@type":"WebSite","@id":"https:\/\/www.mcafee.com\/learn\/fr-ca\/#website","url":"https:\/\/www.mcafee.com\/learn\/fr-ca\/","name":"McAfee","description":"","publisher":{"@id":"https:\/\/www.mcafee.com\/learn\/fr-ca\/#organization"},"potentialAction":[{"@type":"SearchAction","target":{"@type":"EntryPoint","urlTemplate":"https:\/\/www.mcafee.com\/learn\/fr-ca\/?s={search_term_string}"},"query-input":{"@type":"PropertyValueSpecification","valueRequired":true,"valueName":"search_term_string"}}],"inLanguage":"fr-CA"},{"@type":"Organization","@id":"https:\/\/www.mcafee.com\/learn\/fr-ca\/#organization","name":"McAfee","url":"https:\/\/www.mcafee.com\/learn\/fr-ca\/","logo":{"@type":"ImageObject","inLanguage":"fr-CA","@id":"https:\/\/www.mcafee.com\/learn\/fr-ca\/#\/schema\/logo\/image\/","url":"https:\/\/www.mcafee.com\/learn\/wp-content\/uploads\/2022\/12\/mcafeelogo.png","contentUrl":"https:\/\/www.mcafee.com\/learn\/wp-content\/uploads\/2022\/12\/mcafeelogo.png","width":193,"height":88,"caption":"McAfee"},"image":{"@id":"https:\/\/www.mcafee.com\/learn\/fr-ca\/#\/schema\/logo\/image\/"},"sameAs":["https:\/\/www.facebook.com\/McAfee\/","https:\/\/x.com\/mcafee_home","https:\/\/www.linkedin.com\/company\/mcafee\/","https:\/\/www.youtube.com\/user\/mcafee4consumers","https:\/\/en.wikipedia.org\/wiki\/McAfee"]}]}},"_links":{"self":[{"href":"https:\/\/www.mcafee.com\/learn\/fr-ca\/wp-json\/wp\/v2\/pages\/8812","targetHints":{"allow":["GET"]}}],"collection":[{"href":"https:\/\/www.mcafee.com\/learn\/fr-ca\/wp-json\/wp\/v2\/pages"}],"about":[{"href":"https:\/\/www.mcafee.com\/learn\/fr-ca\/wp-json\/wp\/v2\/types\/page"}],"author":[{"embeddable":true,"href":"https:\/\/www.mcafee.com\/learn\/fr-ca\/wp-json\/wp\/v2\/users\/2"}],"replies":[{"embeddable":true,"href":"https:\/\/www.mcafee.com\/learn\/fr-ca\/wp-json\/wp\/v2\/comments?post=8812"}],"version-history":[{"count":7,"href":"https:\/\/www.mcafee.com\/learn\/fr-ca\/wp-json\/wp\/v2\/pages\/8812\/revisions"}],"predecessor-version":[{"id":8981,"href":"https:\/\/www.mcafee.com\/learn\/fr-ca\/wp-json\/wp\/v2\/pages\/8812\/revisions\/8981"}],"wp:attachment":[{"href":"https:\/\/www.mcafee.com\/learn\/fr-ca\/wp-json\/wp\/v2\/media?parent=8812"}],"curies":[{"name":"wp","href":"https:\/\/api.w.org\/{rel}","templated":true}]}}