{"id":8830,"date":"2022-06-27T09:17:18","date_gmt":"2022-06-27T17:17:18","guid":{"rendered":"https:\/\/www.mcafee.com\/learn\/identity-monitoring\/"},"modified":"2024-05-29T02:03:14","modified_gmt":"2024-05-29T10:03:14","slug":"monitoraggio-identita","status":"publish","type":"page","link":"https:\/\/www.mcafee.com\/learn\/it\/monitoraggio-identita\/","title":{"rendered":"Monitoraggio dell&#8217;identit\u00e0 &#8211; Nascondi le tue informazioni dagli sguardi indiscreti"},"content":{"rendered":"","protected":false},"excerpt":{"rendered":"","protected":false},"author":2,"featured_media":0,"parent":0,"menu_order":0,"comment_status":"closed","ping_status":"closed","template":"feature-page.php","meta":{"_acf_changed":false,"footnotes":""},"class_list":["post-8830","page","type-page","status-publish","hentry"],"acf":[],"yoast_head":"<!-- This site is optimized with the Yoast SEO plugin v25.4 - https:\/\/yoast.com\/wordpress\/plugins\/seo\/ -->\n<title>Monitoraggio dell&#039;identit\u00e0 - Proteggi i tuoi dati online | McAfee<\/title>\n<meta name=\"description\" content=\"Il monitoraggio dell&#039;identit\u00e0 protegge i tuoi dati personali dalle attivit\u00e0 fraudolente come la creazione degli account o la loro violazione.\" \/>\n<meta name=\"robots\" content=\"index, follow, max-snippet:-1, max-image-preview:large, max-video-preview:-1\" \/>\n<link rel=\"canonical\" href=\"https:\/\/www.mcafee.com\/learn\/it\/monitoraggio-identita\/\" \/>\n<meta property=\"og:locale\" content=\"it_IT\" \/>\n<meta property=\"og:type\" content=\"article\" \/>\n<meta property=\"og:title\" content=\"Monitoraggio dell&#039;identit\u00e0 - Proteggi i tuoi dati online | McAfee\" \/>\n<meta property=\"og:description\" content=\"Il monitoraggio dell&#039;identit\u00e0 protegge i tuoi dati personali dalle attivit\u00e0 fraudolente come la creazione degli account o la loro violazione.\" \/>\n<meta property=\"og:url\" content=\"https:\/\/www.mcafee.com\/learn\/it\/monitoraggio-identita\/\" \/>\n<meta property=\"og:site_name\" content=\"McAfee\" \/>\n<meta property=\"article:publisher\" content=\"https:\/\/www.facebook.com\/McAfee\/\" \/>\n<meta property=\"article:modified_time\" content=\"2024-05-29T10:03:14+00:00\" \/>\n<meta property=\"og:image\" content=\"https:\/\/www.mcafee.com\/learn\/wp-content\/uploads\/2022\/01\/what_is_identity_theft.jpg\" \/>\n\t<meta property=\"og:image:width\" content=\"1308\" \/>\n\t<meta property=\"og:image:height\" content=\"666\" \/>\n\t<meta property=\"og:image:type\" content=\"image\/jpeg\" \/>\n<meta name=\"twitter:card\" content=\"summary_large_image\" \/>\n<meta name=\"twitter:site\" content=\"@mcafee_home\" \/>\n<script type=\"application\/ld+json\" class=\"yoast-schema-graph\">{\"@context\":\"https:\/\/schema.org\",\"@graph\":[{\"@type\":\"WebPage\",\"@id\":\"https:\/\/www.mcafee.com\/learn\/it\/monitoraggio-identita\/\",\"url\":\"https:\/\/www.mcafee.com\/learn\/it\/monitoraggio-identita\/\",\"name\":\"Monitoraggio dell'identit\u00e0 - Proteggi i tuoi dati online | McAfee\",\"isPartOf\":{\"@id\":\"https:\/\/www.mcafee.com\/learn\/it\/#website\"},\"datePublished\":\"2022-06-27T17:17:18+00:00\",\"dateModified\":\"2024-05-29T10:03:14+00:00\",\"description\":\"Il monitoraggio dell'identit\u00e0 protegge i tuoi dati personali dalle attivit\u00e0 fraudolente come la creazione degli account o la loro violazione.\",\"breadcrumb\":{\"@id\":\"https:\/\/www.mcafee.com\/learn\/it\/monitoraggio-identita\/#breadcrumb\"},\"inLanguage\":\"it-IT\",\"potentialAction\":[{\"@type\":\"ReadAction\",\"target\":[\"https:\/\/www.mcafee.com\/learn\/it\/monitoraggio-identita\/\"]}]},{\"@type\":\"BreadcrumbList\",\"@id\":\"https:\/\/www.mcafee.com\/learn\/it\/monitoraggio-identita\/#breadcrumb\",\"itemListElement\":[{\"@type\":\"ListItem\",\"position\":1,\"name\":\"Learn at McAfee\",\"item\":\"https:\/\/www.mcafee.com\/learn\/it\/\"},{\"@type\":\"ListItem\",\"position\":2,\"name\":\"Monitoraggio dell&#8217;identit\u00e0 &#8211; Nascondi le tue informazioni dagli sguardi indiscreti\"}]},{\"@type\":\"WebSite\",\"@id\":\"https:\/\/www.mcafee.com\/learn\/it\/#website\",\"url\":\"https:\/\/www.mcafee.com\/learn\/it\/\",\"name\":\"McAfee\",\"description\":\"\",\"publisher\":{\"@id\":\"https:\/\/www.mcafee.com\/learn\/it\/#organization\"},\"potentialAction\":[{\"@type\":\"SearchAction\",\"target\":{\"@type\":\"EntryPoint\",\"urlTemplate\":\"https:\/\/www.mcafee.com\/learn\/it\/?s={search_term_string}\"},\"query-input\":{\"@type\":\"PropertyValueSpecification\",\"valueRequired\":true,\"valueName\":\"search_term_string\"}}],\"inLanguage\":\"it-IT\"},{\"@type\":\"Organization\",\"@id\":\"https:\/\/www.mcafee.com\/learn\/it\/#organization\",\"name\":\"McAfee\",\"url\":\"https:\/\/www.mcafee.com\/learn\/it\/\",\"logo\":{\"@type\":\"ImageObject\",\"inLanguage\":\"it-IT\",\"@id\":\"https:\/\/www.mcafee.com\/learn\/it\/#\/schema\/logo\/image\/\",\"url\":\"https:\/\/www.mcafee.com\/learn\/wp-content\/uploads\/2022\/12\/mcafeelogo.png\",\"contentUrl\":\"https:\/\/www.mcafee.com\/learn\/wp-content\/uploads\/2022\/12\/mcafeelogo.png\",\"width\":193,\"height\":88,\"caption\":\"McAfee\"},\"image\":{\"@id\":\"https:\/\/www.mcafee.com\/learn\/it\/#\/schema\/logo\/image\/\"},\"sameAs\":[\"https:\/\/www.facebook.com\/McAfee\/\",\"https:\/\/x.com\/mcafee_home\",\"https:\/\/www.linkedin.com\/company\/mcafee\/\",\"https:\/\/www.youtube.com\/user\/mcafee4consumers\",\"https:\/\/en.wikipedia.org\/wiki\/McAfee\"]}]}<\/script>\n<!-- \/ Yoast SEO plugin. -->","yoast_head_json":{"title":"Monitoraggio dell'identit\u00e0 - Proteggi i tuoi dati online | McAfee","description":"Il monitoraggio dell'identit\u00e0 protegge i tuoi dati personali dalle attivit\u00e0 fraudolente come la creazione degli account o la loro violazione.","robots":{"index":"index","follow":"follow","max-snippet":"max-snippet:-1","max-image-preview":"max-image-preview:large","max-video-preview":"max-video-preview:-1"},"canonical":"https:\/\/www.mcafee.com\/learn\/it\/monitoraggio-identita\/","og_locale":"it_IT","og_type":"article","og_title":"Monitoraggio dell'identit\u00e0 - Proteggi i tuoi dati online | McAfee","og_description":"Il monitoraggio dell'identit\u00e0 protegge i tuoi dati personali dalle attivit\u00e0 fraudolente come la creazione degli account o la loro violazione.","og_url":"https:\/\/www.mcafee.com\/learn\/it\/monitoraggio-identita\/","og_site_name":"McAfee","article_publisher":"https:\/\/www.facebook.com\/McAfee\/","article_modified_time":"2024-05-29T10:03:14+00:00","og_image":[{"width":1308,"height":666,"url":"https:\/\/www.mcafee.com\/learn\/wp-content\/uploads\/2022\/01\/what_is_identity_theft.jpg","type":"image\/jpeg"}],"twitter_card":"summary_large_image","twitter_site":"@mcafee_home","schema":{"@context":"https:\/\/schema.org","@graph":[{"@type":"WebPage","@id":"https:\/\/www.mcafee.com\/learn\/it\/monitoraggio-identita\/","url":"https:\/\/www.mcafee.com\/learn\/it\/monitoraggio-identita\/","name":"Monitoraggio dell'identit\u00e0 - Proteggi i tuoi dati online | McAfee","isPartOf":{"@id":"https:\/\/www.mcafee.com\/learn\/it\/#website"},"datePublished":"2022-06-27T17:17:18+00:00","dateModified":"2024-05-29T10:03:14+00:00","description":"Il monitoraggio dell'identit\u00e0 protegge i tuoi dati personali dalle attivit\u00e0 fraudolente come la creazione degli account o la loro violazione.","breadcrumb":{"@id":"https:\/\/www.mcafee.com\/learn\/it\/monitoraggio-identita\/#breadcrumb"},"inLanguage":"it-IT","potentialAction":[{"@type":"ReadAction","target":["https:\/\/www.mcafee.com\/learn\/it\/monitoraggio-identita\/"]}]},{"@type":"BreadcrumbList","@id":"https:\/\/www.mcafee.com\/learn\/it\/monitoraggio-identita\/#breadcrumb","itemListElement":[{"@type":"ListItem","position":1,"name":"Learn at McAfee","item":"https:\/\/www.mcafee.com\/learn\/it\/"},{"@type":"ListItem","position":2,"name":"Monitoraggio dell&#8217;identit\u00e0 &#8211; Nascondi le tue informazioni dagli sguardi indiscreti"}]},{"@type":"WebSite","@id":"https:\/\/www.mcafee.com\/learn\/it\/#website","url":"https:\/\/www.mcafee.com\/learn\/it\/","name":"McAfee","description":"","publisher":{"@id":"https:\/\/www.mcafee.com\/learn\/it\/#organization"},"potentialAction":[{"@type":"SearchAction","target":{"@type":"EntryPoint","urlTemplate":"https:\/\/www.mcafee.com\/learn\/it\/?s={search_term_string}"},"query-input":{"@type":"PropertyValueSpecification","valueRequired":true,"valueName":"search_term_string"}}],"inLanguage":"it-IT"},{"@type":"Organization","@id":"https:\/\/www.mcafee.com\/learn\/it\/#organization","name":"McAfee","url":"https:\/\/www.mcafee.com\/learn\/it\/","logo":{"@type":"ImageObject","inLanguage":"it-IT","@id":"https:\/\/www.mcafee.com\/learn\/it\/#\/schema\/logo\/image\/","url":"https:\/\/www.mcafee.com\/learn\/wp-content\/uploads\/2022\/12\/mcafeelogo.png","contentUrl":"https:\/\/www.mcafee.com\/learn\/wp-content\/uploads\/2022\/12\/mcafeelogo.png","width":193,"height":88,"caption":"McAfee"},"image":{"@id":"https:\/\/www.mcafee.com\/learn\/it\/#\/schema\/logo\/image\/"},"sameAs":["https:\/\/www.facebook.com\/McAfee\/","https:\/\/x.com\/mcafee_home","https:\/\/www.linkedin.com\/company\/mcafee\/","https:\/\/www.youtube.com\/user\/mcafee4consumers","https:\/\/en.wikipedia.org\/wiki\/McAfee"]}]}},"_links":{"self":[{"href":"https:\/\/www.mcafee.com\/learn\/it\/wp-json\/wp\/v2\/pages\/8830","targetHints":{"allow":["GET"]}}],"collection":[{"href":"https:\/\/www.mcafee.com\/learn\/it\/wp-json\/wp\/v2\/pages"}],"about":[{"href":"https:\/\/www.mcafee.com\/learn\/it\/wp-json\/wp\/v2\/types\/page"}],"author":[{"embeddable":true,"href":"https:\/\/www.mcafee.com\/learn\/it\/wp-json\/wp\/v2\/users\/2"}],"replies":[{"embeddable":true,"href":"https:\/\/www.mcafee.com\/learn\/it\/wp-json\/wp\/v2\/comments?post=8830"}],"version-history":[{"count":14,"href":"https:\/\/www.mcafee.com\/learn\/it\/wp-json\/wp\/v2\/pages\/8830\/revisions"}],"predecessor-version":[{"id":9137,"href":"https:\/\/www.mcafee.com\/learn\/it\/wp-json\/wp\/v2\/pages\/8830\/revisions\/9137"}],"wp:attachment":[{"href":"https:\/\/www.mcafee.com\/learn\/it\/wp-json\/wp\/v2\/media?parent=8830"}],"curies":[{"name":"wp","href":"https:\/\/api.w.org\/{rel}","templated":true}]}}