{"id":8656,"date":"2021-10-20T08:50:52","date_gmt":"2021-10-20T16:50:52","guid":{"rendered":"https:\/\/www.mcafee.com\/learn\/?page_id=8656"},"modified":"2024-09-24T01:59:28","modified_gmt":"2024-09-24T09:59:28","slug":"guia-de-seguranca-digital","status":"publish","type":"page","link":"https:\/\/www.mcafee.com\/learn\/pt-br\/","title":{"rendered":"Aprenda com a McAfee"},"content":{"rendered":"<p>Saiba como proteger toda a sua fam\u00edlia e ficar por dentro das amea\u00e7as online atrav\u00e9s do nosso guia de seguran\u00e7a lorem ipsum.<\/p>\n","protected":false},"excerpt":{"rendered":"<p>Saiba como proteger toda a sua fam\u00edlia e ficar por dentro das amea\u00e7as online atrav\u00e9s do nosso guia de seguran\u00e7a lorem ipsum.<\/p>\n","protected":false},"author":2,"featured_media":0,"parent":0,"menu_order":0,"comment_status":"closed","ping_status":"closed","template":"","meta":{"_acf_changed":false,"footnotes":""},"class_list":["post-8656","page","type-page","status-publish","hentry"],"acf":[],"yoast_head":"<!-- This site is optimized with the Yoast SEO plugin v25.4 - https:\/\/yoast.com\/wordpress\/plugins\/seo\/ -->\n<title>Guia de seguran\u00e7a digital para prote\u00e7\u00e3o contra amea\u00e7as online<\/title>\n<meta name=\"description\" content=\"Saiba como proteger sua fam\u00edlia das amea\u00e7as online com o nosso guia de seguran\u00e7a digital &quot;Aprenda com a McAfee&quot;.\" \/>\n<meta name=\"robots\" content=\"index, follow, max-snippet:-1, max-image-preview:large, max-video-preview:-1\" \/>\n<link rel=\"canonical\" href=\"https:\/\/www.mcafee.com\/learn\/pt-br\/\" \/>\n<meta property=\"og:locale\" content=\"pt_BR\" \/>\n<meta property=\"og:type\" content=\"article\" \/>\n<meta property=\"og:title\" content=\"Aprenda com a McAfee | Seu guia de seguran\u00e7a para prote\u00e7\u00e3o contra amea\u00e7as online\" \/>\n<meta property=\"og:description\" content=\"Saiba como proteger toda a sua fam\u00edlia, incluindo voc\u00ea mesmo, das amea\u00e7as online com o nosso guia de seguran\u00e7a &quot;Aprenda com a McAfee&quot;.\" \/>\n<meta property=\"og:url\" content=\"https:\/\/www.mcafee.com\/learn\/pt-br\/\" \/>\n<meta property=\"og:site_name\" content=\"McAfee\" \/>\n<meta property=\"article:publisher\" content=\"https:\/\/www.facebook.com\/McAfee\/\" \/>\n<meta property=\"article:modified_time\" content=\"2024-09-24T09:59:28+00:00\" \/>\n<meta property=\"og:image\" content=\"https:\/\/www.mcafee.com\/learn\/wp-content\/uploads\/2022\/01\/what_is_identity_theft.jpg\" \/>\n\t<meta property=\"og:image:width\" content=\"1308\" \/>\n\t<meta property=\"og:image:height\" content=\"666\" \/>\n\t<meta property=\"og:image:type\" content=\"image\/jpeg\" \/>\n<meta name=\"twitter:card\" content=\"summary_large_image\" \/>\n<meta name=\"twitter:title\" content=\"Aprenda com a McAfee | Seu guia de seguran\u00e7a para prote\u00e7\u00e3o contra amea\u00e7as online\" \/>\n<meta name=\"twitter:description\" content=\"Saiba como proteger toda a sua fam\u00edlia, incluindo voc\u00ea mesmo, das amea\u00e7as online com o nosso guia de seguran\u00e7a &quot;Aprenda com a McAfee&quot;.\" \/>\n<meta name=\"twitter:site\" content=\"@mcafee_home\" \/>\n<script type=\"application\/ld+json\" class=\"yoast-schema-graph\">{\"@context\":\"https:\/\/schema.org\",\"@graph\":[{\"@type\":\"WebPage\",\"@id\":\"https:\/\/www.mcafee.com\/learn\/pt-br\/\",\"url\":\"https:\/\/www.mcafee.com\/learn\/pt-br\/\",\"name\":\"Guia de seguran\u00e7a digital para prote\u00e7\u00e3o contra amea\u00e7as online\",\"isPartOf\":{\"@id\":\"https:\/\/www.mcafee.com\/learn\/pt-br\/#website\"},\"datePublished\":\"2021-10-20T16:50:52+00:00\",\"dateModified\":\"2024-09-24T09:59:28+00:00\",\"description\":\"Saiba como proteger sua fam\u00edlia das amea\u00e7as online com o nosso guia de seguran\u00e7a digital \\\"Aprenda com a McAfee\\\".\",\"breadcrumb\":{\"@id\":\"https:\/\/www.mcafee.com\/learn\/pt-br\/#breadcrumb\"},\"inLanguage\":\"pt-BR\",\"potentialAction\":[{\"@type\":\"ReadAction\",\"target\":[\"https:\/\/www.mcafee.com\/learn\/pt-br\/\"]}]},{\"@type\":\"BreadcrumbList\",\"@id\":\"https:\/\/www.mcafee.com\/learn\/pt-br\/#breadcrumb\",\"itemListElement\":[{\"@type\":\"ListItem\",\"position\":1,\"name\":\"Aprenda com a McAfee\",\"item\":\"https:\/\/www.mcafee.com\/learn\/pt-br\/\"},{\"@type\":\"ListItem\",\"position\":2,\"name\":\"Aprenda com a McAfee\"}]},{\"@type\":\"WebSite\",\"@id\":\"https:\/\/www.mcafee.com\/learn\/pt-br\/#website\",\"url\":\"https:\/\/www.mcafee.com\/learn\/pt-br\/\",\"name\":\"McAfee\",\"description\":\"\",\"publisher\":{\"@id\":\"https:\/\/www.mcafee.com\/learn\/pt-br\/#organization\"},\"potentialAction\":[{\"@type\":\"SearchAction\",\"target\":{\"@type\":\"EntryPoint\",\"urlTemplate\":\"https:\/\/www.mcafee.com\/learn\/pt-br\/?s={search_term_string}\"},\"query-input\":{\"@type\":\"PropertyValueSpecification\",\"valueRequired\":true,\"valueName\":\"search_term_string\"}}],\"inLanguage\":\"pt-BR\"},{\"@type\":\"Organization\",\"@id\":\"https:\/\/www.mcafee.com\/learn\/pt-br\/#organization\",\"name\":\"McAfee\",\"url\":\"https:\/\/www.mcafee.com\/learn\/pt-br\/\",\"logo\":{\"@type\":\"ImageObject\",\"inLanguage\":\"pt-BR\",\"@id\":\"https:\/\/www.mcafee.com\/learn\/pt-br\/#\/schema\/logo\/image\/\",\"url\":\"https:\/\/www.mcafee.com\/learn\/wp-content\/uploads\/2022\/12\/mcafeelogo.png\",\"contentUrl\":\"https:\/\/www.mcafee.com\/learn\/wp-content\/uploads\/2022\/12\/mcafeelogo.png\",\"width\":193,\"height\":88,\"caption\":\"McAfee\"},\"image\":{\"@id\":\"https:\/\/www.mcafee.com\/learn\/pt-br\/#\/schema\/logo\/image\/\"},\"sameAs\":[\"https:\/\/www.facebook.com\/McAfee\/\",\"https:\/\/x.com\/mcafee_home\",\"https:\/\/www.linkedin.com\/company\/mcafee\/\",\"https:\/\/www.youtube.com\/user\/mcafee4consumers\",\"https:\/\/en.wikipedia.org\/wiki\/McAfee\"]}]}<\/script>\n<!-- \/ Yoast SEO plugin. -->","yoast_head_json":{"title":"Guia de seguran\u00e7a digital para prote\u00e7\u00e3o contra amea\u00e7as online","description":"Saiba como proteger sua fam\u00edlia das amea\u00e7as online com o nosso guia de seguran\u00e7a digital \"Aprenda com a McAfee\".","robots":{"index":"index","follow":"follow","max-snippet":"max-snippet:-1","max-image-preview":"max-image-preview:large","max-video-preview":"max-video-preview:-1"},"canonical":"https:\/\/www.mcafee.com\/learn\/pt-br\/","og_locale":"pt_BR","og_type":"article","og_title":"Aprenda com a McAfee | Seu guia de seguran\u00e7a para prote\u00e7\u00e3o contra amea\u00e7as online","og_description":"Saiba como proteger toda a sua fam\u00edlia, incluindo voc\u00ea mesmo, das amea\u00e7as online com o nosso guia de seguran\u00e7a \"Aprenda com a McAfee\".","og_url":"https:\/\/www.mcafee.com\/learn\/pt-br\/","og_site_name":"McAfee","article_publisher":"https:\/\/www.facebook.com\/McAfee\/","article_modified_time":"2024-09-24T09:59:28+00:00","og_image":[{"width":1308,"height":666,"url":"https:\/\/www.mcafee.com\/learn\/wp-content\/uploads\/2022\/01\/what_is_identity_theft.jpg","type":"image\/jpeg"}],"twitter_card":"summary_large_image","twitter_title":"Aprenda com a McAfee | Seu guia de seguran\u00e7a para prote\u00e7\u00e3o contra amea\u00e7as online","twitter_description":"Saiba como proteger toda a sua fam\u00edlia, incluindo voc\u00ea mesmo, das amea\u00e7as online com o nosso guia de seguran\u00e7a \"Aprenda com a McAfee\".","twitter_site":"@mcafee_home","schema":{"@context":"https:\/\/schema.org","@graph":[{"@type":"WebPage","@id":"https:\/\/www.mcafee.com\/learn\/pt-br\/","url":"https:\/\/www.mcafee.com\/learn\/pt-br\/","name":"Guia de seguran\u00e7a digital para prote\u00e7\u00e3o contra amea\u00e7as online","isPartOf":{"@id":"https:\/\/www.mcafee.com\/learn\/pt-br\/#website"},"datePublished":"2021-10-20T16:50:52+00:00","dateModified":"2024-09-24T09:59:28+00:00","description":"Saiba como proteger sua fam\u00edlia das amea\u00e7as online com o nosso guia de seguran\u00e7a digital \"Aprenda com a McAfee\".","breadcrumb":{"@id":"https:\/\/www.mcafee.com\/learn\/pt-br\/#breadcrumb"},"inLanguage":"pt-BR","potentialAction":[{"@type":"ReadAction","target":["https:\/\/www.mcafee.com\/learn\/pt-br\/"]}]},{"@type":"BreadcrumbList","@id":"https:\/\/www.mcafee.com\/learn\/pt-br\/#breadcrumb","itemListElement":[{"@type":"ListItem","position":1,"name":"Aprenda com a McAfee","item":"https:\/\/www.mcafee.com\/learn\/pt-br\/"},{"@type":"ListItem","position":2,"name":"Aprenda com a McAfee"}]},{"@type":"WebSite","@id":"https:\/\/www.mcafee.com\/learn\/pt-br\/#website","url":"https:\/\/www.mcafee.com\/learn\/pt-br\/","name":"McAfee","description":"","publisher":{"@id":"https:\/\/www.mcafee.com\/learn\/pt-br\/#organization"},"potentialAction":[{"@type":"SearchAction","target":{"@type":"EntryPoint","urlTemplate":"https:\/\/www.mcafee.com\/learn\/pt-br\/?s={search_term_string}"},"query-input":{"@type":"PropertyValueSpecification","valueRequired":true,"valueName":"search_term_string"}}],"inLanguage":"pt-BR"},{"@type":"Organization","@id":"https:\/\/www.mcafee.com\/learn\/pt-br\/#organization","name":"McAfee","url":"https:\/\/www.mcafee.com\/learn\/pt-br\/","logo":{"@type":"ImageObject","inLanguage":"pt-BR","@id":"https:\/\/www.mcafee.com\/learn\/pt-br\/#\/schema\/logo\/image\/","url":"https:\/\/www.mcafee.com\/learn\/wp-content\/uploads\/2022\/12\/mcafeelogo.png","contentUrl":"https:\/\/www.mcafee.com\/learn\/wp-content\/uploads\/2022\/12\/mcafeelogo.png","width":193,"height":88,"caption":"McAfee"},"image":{"@id":"https:\/\/www.mcafee.com\/learn\/pt-br\/#\/schema\/logo\/image\/"},"sameAs":["https:\/\/www.facebook.com\/McAfee\/","https:\/\/x.com\/mcafee_home","https:\/\/www.linkedin.com\/company\/mcafee\/","https:\/\/www.youtube.com\/user\/mcafee4consumers","https:\/\/en.wikipedia.org\/wiki\/McAfee"]}]}},"_links":{"self":[{"href":"https:\/\/www.mcafee.com\/learn\/pt-br\/wp-json\/wp\/v2\/pages\/8656","targetHints":{"allow":["GET"]}}],"collection":[{"href":"https:\/\/www.mcafee.com\/learn\/pt-br\/wp-json\/wp\/v2\/pages"}],"about":[{"href":"https:\/\/www.mcafee.com\/learn\/pt-br\/wp-json\/wp\/v2\/types\/page"}],"author":[{"embeddable":true,"href":"https:\/\/www.mcafee.com\/learn\/pt-br\/wp-json\/wp\/v2\/users\/2"}],"replies":[{"embeddable":true,"href":"https:\/\/www.mcafee.com\/learn\/pt-br\/wp-json\/wp\/v2\/comments?post=8656"}],"version-history":[{"count":9,"href":"https:\/\/www.mcafee.com\/learn\/pt-br\/wp-json\/wp\/v2\/pages\/8656\/revisions"}],"predecessor-version":[{"id":10398,"href":"https:\/\/www.mcafee.com\/learn\/pt-br\/wp-json\/wp\/v2\/pages\/8656\/revisions\/10398"}],"wp:attachment":[{"href":"https:\/\/www.mcafee.com\/learn\/pt-br\/wp-json\/wp\/v2\/media?parent=8656"}],"curies":[{"name":"wp","href":"https:\/\/api.w.org\/{rel}","templated":true}]}}