{"id":8832,"date":"2022-06-27T09:17:18","date_gmt":"2022-06-27T17:17:18","guid":{"rendered":"https:\/\/www.mcafee.com\/learn\/identity-monitoring\/"},"modified":"2024-06-04T05:55:54","modified_gmt":"2024-06-04T13:55:54","slug":"monitorizacao-de-identidade","status":"publish","type":"page","link":"https:\/\/www.mcafee.com\/learn\/pt-pt\/monitorizacao-de-identidade\/","title":{"rendered":"Monitoriza\u00e7\u00e3o de identidade: esconda as suas informa\u00e7\u00f5es de olhos curiosos"},"content":{"rendered":"","protected":false},"excerpt":{"rendered":"","protected":false},"author":2,"featured_media":0,"parent":0,"menu_order":0,"comment_status":"closed","ping_status":"closed","template":"feature-page.php","meta":{"_acf_changed":false,"footnotes":""},"class_list":["post-8832","page","type-page","status-publish","hentry"],"acf":[],"yoast_head":"<!-- This site is optimized with the Yoast SEO plugin v25.4 - https:\/\/yoast.com\/wordpress\/plugins\/seo\/ -->\n<title>Identity Monitoring - Protect Your Information Online | McAfee<\/title>\n<meta name=\"description\" content=\"An identity monitoring service can help protect your personal information from fraudulent activity such as account sign up or breaches.\" \/>\n<meta name=\"robots\" content=\"index, follow, max-snippet:-1, max-image-preview:large, max-video-preview:-1\" \/>\n<link rel=\"canonical\" href=\"https:\/\/www.mcafee.com\/learn\/pt-pt\/monitorizacao-de-identidade\/\" \/>\n<meta property=\"og:locale\" content=\"pt_PT\" \/>\n<meta property=\"og:type\" content=\"article\" \/>\n<meta property=\"og:title\" content=\"Identity Monitoring - Protect Your Information Online | McAfee\" \/>\n<meta property=\"og:description\" content=\"An identity monitoring service can help protect your personal information from fraudulent activity such as account sign up or breaches.\" \/>\n<meta property=\"og:url\" content=\"https:\/\/www.mcafee.com\/learn\/pt-pt\/monitorizacao-de-identidade\/\" \/>\n<meta property=\"og:site_name\" content=\"McAfee\" \/>\n<meta property=\"article:publisher\" content=\"https:\/\/www.facebook.com\/McAfee\/\" \/>\n<meta property=\"article:modified_time\" content=\"2024-06-04T13:55:54+00:00\" \/>\n<meta property=\"og:image\" content=\"https:\/\/www.mcafee.com\/learn\/wp-content\/uploads\/2022\/01\/what_is_identity_theft.jpg\" \/>\n\t<meta property=\"og:image:width\" content=\"1308\" \/>\n\t<meta property=\"og:image:height\" content=\"666\" \/>\n\t<meta property=\"og:image:type\" content=\"image\/jpeg\" \/>\n<meta name=\"twitter:card\" content=\"summary_large_image\" \/>\n<meta name=\"twitter:site\" content=\"@mcafee_home\" \/>\n<script type=\"application\/ld+json\" class=\"yoast-schema-graph\">{\"@context\":\"https:\/\/schema.org\",\"@graph\":[{\"@type\":\"WebPage\",\"@id\":\"https:\/\/www.mcafee.com\/learn\/pt-pt\/monitorizacao-de-identidade\/\",\"url\":\"https:\/\/www.mcafee.com\/learn\/pt-pt\/monitorizacao-de-identidade\/\",\"name\":\"Identity Monitoring - Protect Your Information Online | McAfee\",\"isPartOf\":{\"@id\":\"https:\/\/www.mcafee.com\/learn\/pt-pt\/#website\"},\"datePublished\":\"2022-06-27T17:17:18+00:00\",\"dateModified\":\"2024-06-04T13:55:54+00:00\",\"description\":\"An identity monitoring service can help protect your personal information from fraudulent activity such as account sign up or breaches.\",\"breadcrumb\":{\"@id\":\"https:\/\/www.mcafee.com\/learn\/pt-pt\/monitorizacao-de-identidade\/#breadcrumb\"},\"inLanguage\":\"pt-PT\",\"potentialAction\":[{\"@type\":\"ReadAction\",\"target\":[\"https:\/\/www.mcafee.com\/learn\/pt-pt\/monitorizacao-de-identidade\/\"]}]},{\"@type\":\"BreadcrumbList\",\"@id\":\"https:\/\/www.mcafee.com\/learn\/pt-pt\/monitorizacao-de-identidade\/#breadcrumb\",\"itemListElement\":[{\"@type\":\"ListItem\",\"position\":1,\"name\":\"Learn at McAfee\",\"item\":\"https:\/\/www.mcafee.com\/learn\/pt-pt\/\"},{\"@type\":\"ListItem\",\"position\":2,\"name\":\"Monitoriza\u00e7\u00e3o de identidade: esconda as suas informa\u00e7\u00f5es de olhos curiosos\"}]},{\"@type\":\"WebSite\",\"@id\":\"https:\/\/www.mcafee.com\/learn\/pt-pt\/#website\",\"url\":\"https:\/\/www.mcafee.com\/learn\/pt-pt\/\",\"name\":\"McAfee\",\"description\":\"\",\"publisher\":{\"@id\":\"https:\/\/www.mcafee.com\/learn\/pt-pt\/#organization\"},\"potentialAction\":[{\"@type\":\"SearchAction\",\"target\":{\"@type\":\"EntryPoint\",\"urlTemplate\":\"https:\/\/www.mcafee.com\/learn\/pt-pt\/?s={search_term_string}\"},\"query-input\":{\"@type\":\"PropertyValueSpecification\",\"valueRequired\":true,\"valueName\":\"search_term_string\"}}],\"inLanguage\":\"pt-PT\"},{\"@type\":\"Organization\",\"@id\":\"https:\/\/www.mcafee.com\/learn\/pt-pt\/#organization\",\"name\":\"McAfee\",\"url\":\"https:\/\/www.mcafee.com\/learn\/pt-pt\/\",\"logo\":{\"@type\":\"ImageObject\",\"inLanguage\":\"pt-PT\",\"@id\":\"https:\/\/www.mcafee.com\/learn\/pt-pt\/#\/schema\/logo\/image\/\",\"url\":\"https:\/\/www.mcafee.com\/learn\/wp-content\/uploads\/2022\/12\/mcafeelogo.png\",\"contentUrl\":\"https:\/\/www.mcafee.com\/learn\/wp-content\/uploads\/2022\/12\/mcafeelogo.png\",\"width\":193,\"height\":88,\"caption\":\"McAfee\"},\"image\":{\"@id\":\"https:\/\/www.mcafee.com\/learn\/pt-pt\/#\/schema\/logo\/image\/\"},\"sameAs\":[\"https:\/\/www.facebook.com\/McAfee\/\",\"https:\/\/x.com\/mcafee_home\",\"https:\/\/www.linkedin.com\/company\/mcafee\/\",\"https:\/\/www.youtube.com\/user\/mcafee4consumers\",\"https:\/\/en.wikipedia.org\/wiki\/McAfee\"]}]}<\/script>\n<!-- \/ Yoast SEO plugin. -->","yoast_head_json":{"title":"Identity Monitoring - Protect Your Information Online | McAfee","description":"An identity monitoring service can help protect your personal information from fraudulent activity such as account sign up or breaches.","robots":{"index":"index","follow":"follow","max-snippet":"max-snippet:-1","max-image-preview":"max-image-preview:large","max-video-preview":"max-video-preview:-1"},"canonical":"https:\/\/www.mcafee.com\/learn\/pt-pt\/monitorizacao-de-identidade\/","og_locale":"pt_PT","og_type":"article","og_title":"Identity Monitoring - Protect Your Information Online | McAfee","og_description":"An identity monitoring service can help protect your personal information from fraudulent activity such as account sign up or breaches.","og_url":"https:\/\/www.mcafee.com\/learn\/pt-pt\/monitorizacao-de-identidade\/","og_site_name":"McAfee","article_publisher":"https:\/\/www.facebook.com\/McAfee\/","article_modified_time":"2024-06-04T13:55:54+00:00","og_image":[{"width":1308,"height":666,"url":"https:\/\/www.mcafee.com\/learn\/wp-content\/uploads\/2022\/01\/what_is_identity_theft.jpg","type":"image\/jpeg"}],"twitter_card":"summary_large_image","twitter_site":"@mcafee_home","schema":{"@context":"https:\/\/schema.org","@graph":[{"@type":"WebPage","@id":"https:\/\/www.mcafee.com\/learn\/pt-pt\/monitorizacao-de-identidade\/","url":"https:\/\/www.mcafee.com\/learn\/pt-pt\/monitorizacao-de-identidade\/","name":"Identity Monitoring - Protect Your Information Online | McAfee","isPartOf":{"@id":"https:\/\/www.mcafee.com\/learn\/pt-pt\/#website"},"datePublished":"2022-06-27T17:17:18+00:00","dateModified":"2024-06-04T13:55:54+00:00","description":"An identity monitoring service can help protect your personal information from fraudulent activity such as account sign up or breaches.","breadcrumb":{"@id":"https:\/\/www.mcafee.com\/learn\/pt-pt\/monitorizacao-de-identidade\/#breadcrumb"},"inLanguage":"pt-PT","potentialAction":[{"@type":"ReadAction","target":["https:\/\/www.mcafee.com\/learn\/pt-pt\/monitorizacao-de-identidade\/"]}]},{"@type":"BreadcrumbList","@id":"https:\/\/www.mcafee.com\/learn\/pt-pt\/monitorizacao-de-identidade\/#breadcrumb","itemListElement":[{"@type":"ListItem","position":1,"name":"Learn at McAfee","item":"https:\/\/www.mcafee.com\/learn\/pt-pt\/"},{"@type":"ListItem","position":2,"name":"Monitoriza\u00e7\u00e3o de identidade: esconda as suas informa\u00e7\u00f5es de olhos curiosos"}]},{"@type":"WebSite","@id":"https:\/\/www.mcafee.com\/learn\/pt-pt\/#website","url":"https:\/\/www.mcafee.com\/learn\/pt-pt\/","name":"McAfee","description":"","publisher":{"@id":"https:\/\/www.mcafee.com\/learn\/pt-pt\/#organization"},"potentialAction":[{"@type":"SearchAction","target":{"@type":"EntryPoint","urlTemplate":"https:\/\/www.mcafee.com\/learn\/pt-pt\/?s={search_term_string}"},"query-input":{"@type":"PropertyValueSpecification","valueRequired":true,"valueName":"search_term_string"}}],"inLanguage":"pt-PT"},{"@type":"Organization","@id":"https:\/\/www.mcafee.com\/learn\/pt-pt\/#organization","name":"McAfee","url":"https:\/\/www.mcafee.com\/learn\/pt-pt\/","logo":{"@type":"ImageObject","inLanguage":"pt-PT","@id":"https:\/\/www.mcafee.com\/learn\/pt-pt\/#\/schema\/logo\/image\/","url":"https:\/\/www.mcafee.com\/learn\/wp-content\/uploads\/2022\/12\/mcafeelogo.png","contentUrl":"https:\/\/www.mcafee.com\/learn\/wp-content\/uploads\/2022\/12\/mcafeelogo.png","width":193,"height":88,"caption":"McAfee"},"image":{"@id":"https:\/\/www.mcafee.com\/learn\/pt-pt\/#\/schema\/logo\/image\/"},"sameAs":["https:\/\/www.facebook.com\/McAfee\/","https:\/\/x.com\/mcafee_home","https:\/\/www.linkedin.com\/company\/mcafee\/","https:\/\/www.youtube.com\/user\/mcafee4consumers","https:\/\/en.wikipedia.org\/wiki\/McAfee"]}]}},"_links":{"self":[{"href":"https:\/\/www.mcafee.com\/learn\/pt-pt\/wp-json\/wp\/v2\/pages\/8832","targetHints":{"allow":["GET"]}}],"collection":[{"href":"https:\/\/www.mcafee.com\/learn\/pt-pt\/wp-json\/wp\/v2\/pages"}],"about":[{"href":"https:\/\/www.mcafee.com\/learn\/pt-pt\/wp-json\/wp\/v2\/types\/page"}],"author":[{"embeddable":true,"href":"https:\/\/www.mcafee.com\/learn\/pt-pt\/wp-json\/wp\/v2\/users\/2"}],"replies":[{"embeddable":true,"href":"https:\/\/www.mcafee.com\/learn\/pt-pt\/wp-json\/wp\/v2\/comments?post=8832"}],"version-history":[{"count":4,"href":"https:\/\/www.mcafee.com\/learn\/pt-pt\/wp-json\/wp\/v2\/pages\/8832\/revisions"}],"predecessor-version":[{"id":9591,"href":"https:\/\/www.mcafee.com\/learn\/pt-pt\/wp-json\/wp\/v2\/pages\/8832\/revisions\/9591"}],"wp:attachment":[{"href":"https:\/\/www.mcafee.com\/learn\/pt-pt\/wp-json\/wp\/v2\/media?parent=8832"}],"curies":[{"name":"wp","href":"https:\/\/api.w.org\/{rel}","templated":true}]}}